{"id":292,"date":"2015-06-04T19:58:17","date_gmt":"2015-06-04T17:58:17","guid":{"rendered":"https:\/\/urbinavolant.com\/wordpressytwitter\/?page_id=292"},"modified":"2020-10-19T10:37:00","modified_gmt":"2020-10-19T08:37:00","slug":"sesion-virtual","status":"publish","type":"page","link":"https:\/\/urbinavolant.com\/wordpressytwitter\/index.php\/sesion-virtual\/","title":{"rendered":"Parte pr\u00e1ctica"},"content":{"rendered":"\n<div class=\"wp-block-cover has-background-dim\" style=\"background-image:url(https:\/\/urbinavolant.com\/wordpressytwitter\/wp-content\/uploads\/2015\/06\/3952569043_c2204f7057_z.jpg);background-position:32% 35%;min-height:268px\"><div class=\"wp-block-cover__inner-container\">\n<p class=\"has-text-align-center has-yellow-color has-text-color\" style=\"font-size:40px\">Trabajo con WordPress<\/p>\n<\/div><\/div>\n\n\n\n<p>A continuaci\u00f3n, vamos a enumerar los requisitos m\u00ednimos y obligatorios. Naturalmente, puedes \u00abjugar\u00bb con WordPress, ser m\u00e1s atrevido e incorporar m\u00e1s elementos, tanto en el aspecto formal (si est\u00e1s empezando, es aconsejable ser prudente) como en el del contenido. <\/p>\n\n\n\n<p>El trabajo que vas a tener que realizar en este curso con WordPress va a consistir en lo siguiente:<\/p>\n\n\n\n<h2>Parte obligatoria<\/h2>\n\n\n\n<h5>Primera parte de la pr\u00e1ctica<\/h5>\n\n\n\n<ol><li>Crear una web en WordPress. <\/li><li>Respecto al dise\u00f1o: poner nombre de la web\/blog y a\u00f1adir <em>widgets<\/em> esenciales de dise\u00f1o: bot\u00f3n de b\u00fasqueda y entradas.<\/li><li>Elaborar la p\u00e1gina \u00abAcerca de\u00bb con una fotograf\u00eda y la informaci\u00f3n acad\u00e9mica m\u00e1s relevante. Puedes incluir informaci\u00f3n y enlaces a ORCID, Academia.edu\/Researchgate, Google Acad\u00e9mico&#8230;<\/li><li>Elaborar una p\u00e1gina de contacto para que los lectores puedan ponerse en contacto conmigo. Aqu\u00ed puedes a\u00f1adir tambi\u00e9n, seg\u00fan tus preferencias, tu correo electr\u00f3nico y tel\u00e9fono del despacho, las redes sociales que quieres que sean visibles, etc.<\/li><\/ol>\n\n\n\n<h5>Segunda parte de la pr\u00e1ctica<\/h5>\n\n\n\n<p>Es necesario escribir, al menos, <strong>dos entradas<\/strong> en WordPress <strong>con contenido multimedia significativo<\/strong> (im\u00e1genes, v\u00eddeos).<\/p>\n\n\n\n<ol><li>Propuestas para el uso de un blog en el \u00e1mbito educativo. Incluye alg\u00fan ejemplo o aplicaci\u00f3n que puedas llevar a cabo como docente, como investigador, como divulgador&#8230; <\/li><li>Una entrada propia de tu \u00e1rea de conocimiento o que incluya contenido y material de alguna de tus asignaturas.<\/li><\/ol>\n\n\n\n<h2>Parte optativa<\/h2>\n\n\n\n<p>Como en el curso hay muchos niveles de conocimiento y dominio de WordPress, se establece esta actividad pr\u00e1ctica optativa que consiste en un trabajo colaborativo para el que se manejar\u00e1 el rol de \u00abcolaborador\u00bb en WordPress.<\/p>\n\n\n\n<p>Si os fij\u00e1is en el men\u00fa superior del sitio web de WordPress creado para el curso, hay dos apartados nuevos:<\/p>\n\n\n\n<ul><li><a href=\"https:\/\/urbinavolant.com\/wordpressytwitter\/index.php\/aplicaciones-educativas-de-wordpress-y-twitter\/\" target=\"_blank\" rel=\"noreferrer noopener\">Aplicaciones educativas y acad\u00e9micas de WordPress<\/a>. Se trata de un listado (de momento, incompleto) de blogs y sitios web orientados al trabajo acad\u00e9mico y educativo. Es una p\u00e1gina solamente accesible a trav\u00e9s de contrase\u00f1a, que es la misma que la etiqueta que hemos utilizado en Twitter (#TWG920). Todos aquellos que quieran realizar una aportaci\u00f3n a ese listado, tienen que mandar un mensaje de correo a rurbina@ubu.es para que les abra el rol de \u00abcolaborador\u00bb en el sitio web y recibir\u00e1n instrucciones m\u00e1s detalladas.<\/li><li><a href=\"https:\/\/urbinavolant.com\/wordpressytwitter\/index.php\/posibilidades-educativas-y-academicas-de-wordpress\/\" target=\"_blank\" rel=\"noreferrer noopener\">Posibilidades educativas y acad\u00e9micas de WordPress<\/a>. Aqu\u00ed iremos desarrollando de forma cooperativa diferentes posibilidades educativas y acad\u00e9micas de WordPress. Es una p\u00e1gina a la que se accede con contrase\u00f1a (de momento, solamente ser\u00e1 accesible para aquellos que se apunten como colaboradores, siguiendo el procedimiento anterior).<\/li><\/ul>\n\n\n\n<p>(Imagen de <a href=\"https:\/\/flic.kr\/p\/72gX58\" target=\"_blank\" rel=\"noopener noreferrer\">Marco Nedermeijer<\/a>)<\/p>\n","protected":false},"excerpt":{"rendered":"<p>A continuaci\u00f3n, vamos a enumerar los requisitos m\u00ednimos y obligatorios. Naturalmente, puedes \u00abjugar\u00bb con WordPress, ser m\u00e1s atrevido e incorporar m\u00e1s elementos, tanto en el aspecto formal (si est\u00e1s empezando, es aconsejable ser prudente) como en el del contenido. El trabajo que vas a tener que realizar en este curso con WordPress va a consistir &hellip; <a href=\"https:\/\/urbinavolant.com\/wordpressytwitter\/index.php\/sesion-virtual\/\" class=\"more-link\">Seguir leyendo <span class=\"screen-reader-text\">Parte pr\u00e1ctica<\/span> <span class=\"meta-nav\">&rarr;<\/span><\/a><\/p>\n","protected":false},"author":1,"featured_media":0,"parent":0,"menu_order":0,"comment_status":"open","ping_status":"open","template":"","meta":[],"_links":{"self":[{"href":"https:\/\/urbinavolant.com\/wordpressytwitter\/index.php\/wp-json\/wp\/v2\/pages\/292"}],"collection":[{"href":"https:\/\/urbinavolant.com\/wordpressytwitter\/index.php\/wp-json\/wp\/v2\/pages"}],"about":[{"href":"https:\/\/urbinavolant.com\/wordpressytwitter\/index.php\/wp-json\/wp\/v2\/types\/page"}],"author":[{"embeddable":true,"href":"https:\/\/urbinavolant.com\/wordpressytwitter\/index.php\/wp-json\/wp\/v2\/users\/1"}],"replies":[{"embeddable":true,"href":"https:\/\/urbinavolant.com\/wordpressytwitter\/index.php\/wp-json\/wp\/v2\/comments?post=292"}],"version-history":[{"count":11,"href":"https:\/\/urbinavolant.com\/wordpressytwitter\/index.php\/wp-json\/wp\/v2\/pages\/292\/revisions"}],"predecessor-version":[{"id":668,"href":"https:\/\/urbinavolant.com\/wordpressytwitter\/index.php\/wp-json\/wp\/v2\/pages\/292\/revisions\/668"}],"wp:attachment":[{"href":"https:\/\/urbinavolant.com\/wordpressytwitter\/index.php\/wp-json\/wp\/v2\/media?parent=292"}],"curies":[{"name":"wp","href":"https:\/\/api.w.org\/{rel}","templated":true}]}}