{"id":3603,"date":"2016-02-07T19:15:01","date_gmt":"2016-02-07T18:15:01","guid":{"rendered":"https:\/\/urbinavolant.com\/socioculturalUBU\/?page_id=3603"},"modified":"2026-04-06T11:50:03","modified_gmt":"2026-04-06T10:50:03","slug":"guion-de-la-asignatura","status":"publish","type":"page","link":"https:\/\/urbinavolant.com\/socioculturalUBU\/guion-de-la-asignatura\/","title":{"rendered":"GU\u00cdA de la asignatura"},"content":{"rendered":"\n<p>Puedes utilizar esta p\u00e1gina como peque\u00f1a gu\u00eda de la asignatura.<\/p>\n\n\n\n<h2 class=\"wp-block-heading\">Aproximaci\u00f3n te\u00f3rica a la competencia cultural<\/h2>\n\n\n\n<ol class=\"wp-block-list\">\n<li><a href=\"https:\/\/urbinavolant.com\/socioculturalUBU\/2020\/01\/07\/el-termino-cultura\/\" target=\"_blank\" rel=\"noreferrer noopener\">El t\u00e9rmino <em>cultura<\/em> y las caracter\u00edsticas del concepto de <em>cultura<\/em><\/a>.<\/li>\n\n\n\n<li><a href=\"https:\/\/urbinavolant.com\/socioculturalUBU\/2026\/01\/18\/el-termino-cultura-en-el-mcer-o-el-plan-curricular-del-instituto-cervantes\/\" target=\"_blank\" rel=\"noreferrer noopener\">El t\u00e9rmino cultura en el MCER y el Plan Curricular del Instituto Cervantes<\/a>.<\/li>\n\n\n\n<li><a aria-label=\"Tipos y formas de manifestaci\u00f3n de la cultura (opens in a new tab)\" href=\"https:\/\/urbinavolant.com\/socioculturalUBU\/2020\/02\/02\/tipos-y-formas-de-manifestacion-de-cultura\/\" target=\"_blank\" rel=\"noreferrer noopener\">Tipos y formas de manifestaci\u00f3n de la cultura<\/a>.<\/li>\n\n\n\n<li><a href=\"https:\/\/urbinavolant.com\/socioculturalUBU\/2020\/01\/07\/el-choque-cultural\/\" target=\"_blank\" rel=\"noreferrer noopener\">El choque cultural<\/a>.<\/li>\n\n\n\n<li><a href=\"https:\/\/urbinavolant.com\/socioculturalUBU\/2020\/02\/02\/los-culturemas\/\">Los culturemas y las manifestaciones culturales<\/a>.<\/li>\n<\/ol>\n\n\n\n<h2 class=\"wp-block-heading\">El componente sociocultural e intercultural en la ense\u00f1anza de ELE y L2<\/h2>\n\n\n\n<ol class=\"wp-block-list\">\n<li><a aria-label=\"\u00bfPor qu\u00e9 es importante la ense\u00f1anza de la cultura en ELE? (opens in a new tab)\" href=\"https:\/\/urbinavolant.com\/socioculturalUBU\/2020\/02\/03\/por-que-es-importante-la-ensenanza-de-la-cultura-en-ele\/\" target=\"_blank\" rel=\"noreferrer noopener\">\u00bfPor qu\u00e9 es importante la ense\u00f1anza de la cultura en ELE?<\/a><\/li>\n\n\n\n<li><a href=\"https:\/\/urbinavolant.com\/socioculturalUBU\/2021\/01\/26\/las-tres-culturas\/\" target=\"_blank\" rel=\"noreferrer noopener\">Las \u00abtres culturas\u00bb<\/a>.<\/li>\n\n\n\n<li><a aria-label=\"La competencia comunicativa y sociocultural (opens in a new tab)\" href=\"https:\/\/urbinavolant.com\/socioculturalUBU\/2020\/02\/17\/la-competencia-comunicativa-y-sociocultural\/\" target=\"_blank\" rel=\"noreferrer noopener\">La competencia comunicativa, sociocultural<\/a> e intercultural.<\/li>\n\n\n\n<li><a aria-label=\"Los contenidos socioculturales en el aula de ELE (opens in a new tab)\" href=\"https:\/\/urbinavolant.com\/socioculturalUBU\/2020\/03\/05\/los-contenidos-socioculturales-en-el-aula-de-ele\/\" target=\"_blank\" rel=\"noreferrer noopener\">Los contenidos socioculturales en el aula de ELE<\/a>.<\/li>\n\n\n\n<li><a href=\"https:\/\/urbinavolant.com\/socioculturalUBU\/2022\/03\/10\/la-competencia-intercultural\/\" target=\"_blank\" rel=\"noreferrer noopener\">La competencia intercultural<\/a>.<\/li>\n\n\n\n<li><a aria-label=\"La competencia intercultural y la comunicaci\u00f3n intercultural (opens in a new tab)\" href=\"https:\/\/urbinavolant.com\/socioculturalUBU\/2020\/02\/03\/la-comunicacion-intercultural-y-la-competencia-intercultural\/\" target=\"_blank\" rel=\"noreferrer noopener\">La competencia intercultural y la comunicaci\u00f3n intercultural<\/a>.<\/li>\n<\/ol>\n\n\n\n<h2 class=\"wp-block-heading\">La comunicaci\u00f3n no verbal y su dimensi\u00f3n cultural<\/h2>\n\n\n\n<ol class=\"wp-block-list\">\n<li><a href=\"https:\/\/urbinavolant.com\/socioculturalUBU\/2021\/02\/03\/la-importancia-de-la-comunicacion-no-verbal\/\" target=\"_blank\" rel=\"noreferrer noopener\">La importancia de la comunicaci\u00f3n no verbal &#8211; \u00bfQu\u00e9 es la comunicaci\u00f3n no verbal?<\/a><\/li>\n\n\n\n<li><a href=\"https:\/\/urbinavolant.com\/socioculturalUBU\/2021\/02\/03\/el-sistema-de-comunicacion-no-verbal\/\" target=\"_blank\" rel=\"noreferrer noopener\">El sistema de comunicaci\u00f3n no verbal<\/a>.<\/li>\n\n\n\n<li><a href=\"https:\/\/urbinavolant.com\/socioculturalUBU\/2021\/02\/03\/el-sistema-paralinguistico\/\" target=\"_blank\" rel=\"noreferrer noopener\">El sistema paraling\u00fc\u00edstico<\/a>.<\/li>\n\n\n\n<li><a href=\"https:\/\/urbinavolant.com\/socioculturalUBU\/2021\/02\/03\/el-sistema-kinesico\/\" target=\"_blank\" rel=\"noreferrer noopener\">El sistema kin\u00e9sico<\/a>.<\/li>\n\n\n\n<li><a href=\"https:\/\/urbinavolant.com\/socioculturalUBU\/2021\/02\/03\/el-sistema-proxemico\/\" target=\"_blank\" rel=\"noreferrer noopener\">El sistema prox\u00e9mico<\/a>.<\/li>\n\n\n\n<li><a href=\"https:\/\/urbinavolant.com\/socioculturalUBU\/2021\/02\/03\/el-sistema-cronemico\/\" target=\"_blank\" rel=\"noreferrer noopener\">El sistema cron\u00e9mico<\/a>.<\/li>\n\n\n\n<li><a href=\"https:\/\/urbinavolant.com\/socioculturalUBU\/2021\/02\/04\/caracteristicas-de-los-signos-no-verbales\/\" target=\"_blank\" rel=\"noreferrer noopener\">Caracter\u00edsticas de los signos no verbales<\/a>.<\/li>\n\n\n\n<li><a href=\"https:\/\/urbinavolant.com\/socioculturalUBU\/2021\/02\/04\/comunicacion-no-verbal-e-interaccion-cultural-aplicada-a-la-ensenanza-de-lenguas-extranjeras\/\" target=\"_blank\" rel=\"noreferrer noopener\">Comunicaci\u00f3n no verbal e interacci\u00f3n cultural aplicada a la ense\u00f1anza de lenguas extranjeras<\/a>.<\/li>\n\n\n\n<li><a href=\"https:\/\/urbinavolant.com\/socioculturalUBU\/2021\/02\/04\/comunicacion-no-verbal-y-ensenanza-de-le-l2\/\" target=\"_blank\" rel=\"noreferrer noopener\">Comunicaci\u00f3n no verbal y ense\u00f1anza de una LE\/L2<\/a>.<\/li>\n<\/ol>\n\n\n\n<h2 class=\"wp-block-heading\">Did\u00e1ctica y evaluaci\u00f3n del componente cultural<\/h2>\n\n\n\n<ol class=\"wp-block-list\">\n<li>\u00bfQu\u00e9 cultura ense\u00f1ar?<\/li>\n\n\n\n<li>An\u00e1lisis cr\u00edtico de manuales y materiales.<\/li>\n\n\n\n<li>Dise\u00f1o de tareas y secuencias did\u00e1cticas.<\/li>\n\n\n\n<li>Evaluaci\u00f3n de la competencia sociocultural e intercultural.<\/li>\n<\/ol>\n\n\n\n<h2 class=\"wp-block-heading\">Bibliograf\u00eda<\/h2>\n\n\n\n<p><a rel=\"noreferrer noopener\" aria-label=\"Bibliograf\u00eda (opens in a new tab)\" href=\"https:\/\/urbinavolant.com\/socioculturalUBU\/2019\/12\/02\/bibliografia\/\" target=\"_blank\">Bibliograf\u00eda<\/a>.<\/p>\n\n\n","protected":false},"excerpt":{"rendered":"<p>Puedes utilizar esta p\u00e1gina como peque\u00f1a gu\u00eda de la asignatura. Aproximaci\u00f3n te\u00f3rica a la competencia cultural El componente sociocultural e intercultural en la ense\u00f1anza de ELE y L2 La comunicaci\u00f3n no verbal y su dimensi\u00f3n cultural Did\u00e1ctica y evaluaci\u00f3n del componente cultural Bibliograf\u00eda Bibliograf\u00eda.<\/p>\n","protected":false},"author":1,"featured_media":0,"parent":0,"menu_order":0,"comment_status":"closed","ping_status":"closed","template":"","meta":{"jetpack_post_was_ever_published":false,"footnotes":""},"class_list":["post-3603","page","type-page","status-publish","hentry"],"jetpack_sharing_enabled":true,"jetpack_shortlink":"https:\/\/wp.me\/PbrJ5y-W7","_links":{"self":[{"href":"https:\/\/urbinavolant.com\/socioculturalUBU\/wp-json\/wp\/v2\/pages\/3603","targetHints":{"allow":["GET"]}}],"collection":[{"href":"https:\/\/urbinavolant.com\/socioculturalUBU\/wp-json\/wp\/v2\/pages"}],"about":[{"href":"https:\/\/urbinavolant.com\/socioculturalUBU\/wp-json\/wp\/v2\/types\/page"}],"author":[{"embeddable":true,"href":"https:\/\/urbinavolant.com\/socioculturalUBU\/wp-json\/wp\/v2\/users\/1"}],"replies":[{"embeddable":true,"href":"https:\/\/urbinavolant.com\/socioculturalUBU\/wp-json\/wp\/v2\/comments?post=3603"}],"version-history":[{"count":125,"href":"https:\/\/urbinavolant.com\/socioculturalUBU\/wp-json\/wp\/v2\/pages\/3603\/revisions"}],"predecessor-version":[{"id":4845,"href":"https:\/\/urbinavolant.com\/socioculturalUBU\/wp-json\/wp\/v2\/pages\/3603\/revisions\/4845"}],"wp:attachment":[{"href":"https:\/\/urbinavolant.com\/socioculturalUBU\/wp-json\/wp\/v2\/media?parent=3603"}],"curies":[{"name":"wp","href":"https:\/\/api.w.org\/{rel}","templated":true}]}}