{"id":97,"date":"2013-09-02T12:27:04","date_gmt":"2013-09-02T10:27:04","guid":{"rendered":"http:\/\/urbinavolant.com\/scripta\/?page_id=97"},"modified":"2015-05-26T13:39:17","modified_gmt":"2015-05-26T11:39:17","slug":"en-los-medios","status":"publish","type":"page","link":"https:\/\/urbinavolant.com\/scripta\/en-los-medios\/","title":{"rendered":"En los medios"},"content":{"rendered":"<p>ENTREVISTAS Y ART\u00cdCULOS DE PRENSA<\/p>\n<ol>\n<li><a href=\"http:\/\/www.diariodeburgos.es\/noticia.cfm\/Local\/20071209\/asignaturas\/pendientes\/F5A6C911-F20F-8C66-AFB8C382CE5BECA4\" target=\"_blank\">\u00abAsignaturas pendientes\u00bb<\/a>. Entrevista de Rodrigo P\u00e9rez Barredo a Pablo M\u00e9ndez y Ra\u00fal Urbina sobre el Informe Pisa en\u00a0<em>Diario de Burgos<\/em>\u00a0(9 de diciembre de 2007).<\/li>\n<li><a href=\"http:\/\/www.diariodeburgos.es\/noticia.cfm\/Local\/20071209\/asignaturas\/pendientes\/F5A6C911-F20F-8C66-AFB8C382CE5BECA4\" target=\"_blank\">Entrevista a Ra\u00fal Urbina<\/a>, por Mar\u00eda del Mar G\u00f3mez Cervantes,\u00a0<a href=\"http:\/\/www.rhetorike.ubi.pt\/01\/\" target=\"_blank\"><em>Rh\u00eatorik\u00ea. Revista Digital de Ret\u00f3rica<\/em><\/a>, 1 (2008).\u00a0<acronym title=\"International Standard Serial Number\">ISSN<\/acronym>\u00a01646-9372.<\/li>\n<li><a href=\"http:\/\/www.diariodeburgos.es\/noticia\/ZC3FA7ACA-92B3-E5E2-3F8AFBD0A2140896\/20120320\/ni\/rae\/ni\/guias\/lengua\/sera\/diga\/gente\" target=\"_blank\">Entrevista de Ang\u00e9lica Gonz\u00e1lez a Ra\u00fal Urbina en\u00a0<em>Diario de Burgos<\/em><\/a>\u00a0(20 de marzo de 2012) a ra\u00edz de la pol\u00e9mica sobre las gu\u00edas para el uso no sexista de la lengua (ver\u00a0<a href=\"http:\/\/urbinavolant.com\/archivos\/inves\/9db.pdf\" target=\"_blank\">en PDF<\/a>).<\/li>\n<li>Ra\u00fal Urbina:\u00a0<a href=\"http:\/\/urbinavolant.com\/archivos\/prensa\/DBUrbConoci.pdf\">\u00abCursos para no perder el conocimiento\u00bb<\/a>, columna de opini\u00f3n en\u00a0<em>Diario de Burgos<\/em>\u00a0(25 de junio de 2012).<\/li>\n<li><a href=\"http:\/\/urbinavolant.com\/archivos\/prensa\/1correo.pdf\">Entrevista de Natalia Escribano a Ra\u00fal Urbina en\u00a0<em>El Mundo\/El Correo de Burgos<\/em><\/a>\u00a0(2 de julio de 2012).<\/li>\n<li><a href=\"http:\/\/www.elcorreodeburgos.com\/noticias\/2013-03-09\/el-blog-me-ha-descubierto-que-podia-ser-un-escritor-de-ficcion\" target=\"_blank\">Entrevista de Amudena Sanz a Ra\u00fal Urbina en\u00a0<em>El Mundo\/El Correo de Burgo<\/em>s<\/a>\u00a0(9 de marzo de 2013).<\/li>\n<li>Ra\u00fal Urbina:\u00a0<a href=\"http:\/\/urbinavolant.com\/ubu\/wp-content\/uploads\/2012\/07\/2DB.pdf\">\u00abEl verano, el camino y el conocimiento\u00bb<\/a>, columna de opini\u00f3n en\u00a0<em>Diario de Burgos<\/em>\u00a0(23 de junio de 2013).<\/li>\n<li>Ra\u00fal Urbina:\u00a0<a href=\"http:\/\/urbinavolant.com\/ubu\/wp-content\/uploads\/2012\/07\/6DB-1.pdf\">\u00abPensando en las musara\u00f1as\u00bb<\/a>, columna de opini\u00f3n en\u00a0<em>Diario de Burgos<\/em>\u00a0(13 de julio de 2013).<\/li>\n<li><a href=\"http:\/\/www.urbinavolant.com\/verbavolant\/wp-content\/uploads\/2013\/11\/EntrevistaDB101113.png\" target=\"_blank\">Entrevista de H\u00e9ctor Jim\u00e9nez a Ra\u00fal Urbina en <em>Diaro de Burgos<\/em><\/a> (10 de noviembre de 2013).<\/li>\n<li>V\u00eddeo de\u00a0<a href=\"https:\/\/youtu.be\/5JVLYqm9DCc\" target=\"_blank\">\u00abLa extra\u00f1a historia de los blogs y los muertos vivientes\u201d<\/a>, ponencia de la jornada de TechDay60 que ten\u00eda como tem\u00e1tica general <a title=\"TechDay60\" href=\"https:\/\/www.facebook.com\/TechDay60\" target=\"_blank\">C\u00f3mo escribir un blog (de \u00e9xito) y no morir en el intento<\/a>\u00a0en Burgos el 17 de junio de 2014.<\/li>\n<li><a href=\"https:\/\/youtu.be\/1Nushx8BEu4\">Rueda de prensa de la presentaci\u00f3n de la XX edici\u00f3n de los Cursos de Verano de la UBU<\/a> (19 de mayo de 2015).<\/li>\n<\/ol>\n<p>GUION<\/p>\n<ol>\n<li>Es coautor, junto con Francisco \u00c1lvarez, del gui\u00f3n del cortometraje\u00a0<a href=\"http:\/\/www.dafnecinema.es\/asociacion\/atroz\/index.html\"><em>Atroz<\/em><\/a>. Puedes ver el corto\u00a0<a href=\"http:\/\/vimeo.com\/19017922\" target=\"_blank\">aqu\u00ed<\/a>.<\/li>\n<\/ol>\n<p>ACTOR<\/p>\n<ol>\n<li><a href=\"https:\/\/youtu.be\/P5w8Bb09OzM\" target=\"_blank\"><em>Cerezas<\/em><\/a>, cortometraje escrito y dirigido por Eugenio Cagigal. Con Miren San Mart\u00edn, Ra\u00fal Urbina y \u00d3scar Nebreda (<a href=\"https:\/\/youtu.be\/qU4huLV8sPU\" target=\"_blank\">aqu\u00ed<\/a> puedes ver tambi\u00e9n el tr\u00e1iler).<\/li>\n<\/ol>\n<p>&nbsp;<\/p>\n","protected":false},"excerpt":{"rendered":"<p>ENTREVISTAS Y ART\u00cdCULOS DE PRENSA \u00abAsignaturas pendientes\u00bb. Entrevista de Rodrigo P\u00e9rez Barredo a Pablo M\u00e9ndez y Ra\u00fal Urbina sobre el Informe Pisa en\u00a0Diario de Burgos\u00a0(9 de diciembre de 2007). Entrevista a Ra\u00fal Urbina, por Mar\u00eda del Mar G\u00f3mez Cervantes,\u00a0Rh\u00eatorik\u00ea. Revista Digital de Ret\u00f3rica, 1 (2008).\u00a0ISSN\u00a01646-9372. Entrevista de Ang\u00e9lica Gonz\u00e1lez a Ra\u00fal Urbina en\u00a0Diario de Burgos\u00a0(20 [&hellip;]<\/p>\n","protected":false},"author":1,"featured_media":0,"parent":0,"menu_order":0,"comment_status":"open","ping_status":"open","template":"","meta":{"_exactmetrics_skip_tracking":false,"_exactmetrics_sitenote_active":false,"_exactmetrics_sitenote_note":"","_exactmetrics_sitenote_category":0,"jetpack_post_was_ever_published":false,"footnotes":""},"class_list":["post-97","page","type-page","status-publish","hentry"],"jetpack_sharing_enabled":true,"jetpack_shortlink":"https:\/\/wp.me\/P3zkbD-1z","_links":{"self":[{"href":"https:\/\/urbinavolant.com\/scripta\/wp-json\/wp\/v2\/pages\/97","targetHints":{"allow":["GET"]}}],"collection":[{"href":"https:\/\/urbinavolant.com\/scripta\/wp-json\/wp\/v2\/pages"}],"about":[{"href":"https:\/\/urbinavolant.com\/scripta\/wp-json\/wp\/v2\/types\/page"}],"author":[{"embeddable":true,"href":"https:\/\/urbinavolant.com\/scripta\/wp-json\/wp\/v2\/users\/1"}],"replies":[{"embeddable":true,"href":"https:\/\/urbinavolant.com\/scripta\/wp-json\/wp\/v2\/comments?post=97"}],"version-history":[{"count":6,"href":"https:\/\/urbinavolant.com\/scripta\/wp-json\/wp\/v2\/pages\/97\/revisions"}],"predecessor-version":[{"id":261,"href":"https:\/\/urbinavolant.com\/scripta\/wp-json\/wp\/v2\/pages\/97\/revisions\/261"}],"wp:attachment":[{"href":"https:\/\/urbinavolant.com\/scripta\/wp-json\/wp\/v2\/media?parent=97"}],"curies":[{"name":"wp","href":"https:\/\/api.w.org\/{rel}","templated":true}]}}