{"id":36,"date":"2013-05-27T07:32:12","date_gmt":"2013-05-27T05:32:12","guid":{"rendered":"http:\/\/urbinavolant.com\/scripta\/?page_id=36"},"modified":"2018-10-26T11:17:27","modified_gmt":"2018-10-26T09:17:27","slug":"raul-urbina","status":"publish","type":"page","link":"https:\/\/urbinavolant.com\/scripta\/raul-urbina\/","title":{"rendered":"Ra\u00fal Urbina"},"content":{"rendered":"<p style=\"text-align: right;\"><a href=\"https:\/\/i0.wp.com\/urbinavolant.com\/scripta\/wp-content\/uploads\/2013\/05\/Captura-de-pantalla-2014-02-05-a-las-10.05.30.png?ssl=1\"><img data-recalc-dims=\"1\" loading=\"lazy\" decoding=\"async\" class=\"aligncenter size-medium wp-image-164\" src=\"https:\/\/i0.wp.com\/urbinavolant.com\/scripta\/wp-content\/uploads\/2013\/05\/Captura-de-pantalla-2014-02-05-a-las-10.05.30.png?resize=300%2C237&#038;ssl=1\" alt=\"Ra\u00fal Urbina\" width=\"300\" height=\"237\" srcset=\"https:\/\/i0.wp.com\/urbinavolant.com\/scripta\/wp-content\/uploads\/2013\/05\/Captura-de-pantalla-2014-02-05-a-las-10.05.30.png?resize=300%2C237&amp;ssl=1 300w, https:\/\/i0.wp.com\/urbinavolant.com\/scripta\/wp-content\/uploads\/2013\/05\/Captura-de-pantalla-2014-02-05-a-las-10.05.30.png?w=606&amp;ssl=1 606w\" sizes=\"auto, (max-width: 300px) 100vw, 300px\" \/><\/a><\/p>\n<p style=\"text-align: justify;\">Ra\u00fal Urbina Fonturbel naci\u00f3 en Burgos en un cada vez m\u00e1s lejano 1966.<\/p>\n<p style=\"text-align: justify;\">Imparte clases en la Universidad de Burgos como profesor \u00a0en el Departamento de Filolog\u00eda (\u00e1rea Lengua espa\u00f1ola) desde 2005.<\/p>\n<p style=\"text-align: justify;\">Es coordinador del programa Erasmus con University College London (RU). Tambi\u00e9n lo fue de University of Exeter (RU), University College London (RU) y Universit\u00e0 degli Studi del Molise (Italia).<\/p>\n<p style=\"text-align: justify;\">Es socio fundador de la OIR, Organizaci\u00f3n Iberoamericana de Ret\u00f3rica (2014).<\/p>\n<p style=\"text-align: justify;\">Miembro de dos Grupos de Innovaci\u00f3n Docente en la Universidad de Burgos: <a href=\"https:\/\/wwww.ubu.es\/instituto-de-formacion-e-innovacion-educativa-ifie\/grupos-de-innovacion-docente-de-la-universidad-de-burgos\/gid-multidisciplinar-de-la-ubu-en-experiencias-de-ensenanza-online-enol\">GID Multidisciplinar de la UBU en Experiencias de Ense\u00f1anza Online (eNOL)<\/a>\u00a0y<a href=\"http:\/\/www.ubu.es\/ubu\/cm\/ubu\/tkContent?idContent=226424\" target=\"_blank\" rel=\"noopener\"> Grupo de Innovaci\u00f3n Docente \u00abNuevas estrategias para mejorar la comprensi\u00f3n lectora en estudiantes universitarios\u00bb<\/a>.<\/p>\n<p style=\"text-align: justify;\">Durante el curso 2018-2019 impartir\u00e1 clase de\u00a0<em>Norma y uso del espa\u00f1ol<\/em>\u00a0 y de\u00a0<em>\u00a0Pragm\u00e1tica del espa\u00f1ol\u00a0<\/em>en el Grado en Espa\u00f1ol: Lengua y Literatura. Otras asignaturas que ha impartido han sido\u00a0<em>Ling\u00fc\u00edstica General, \u00a0Fon\u00e9tica y Fonolog\u00eda del Espa\u00f1ol<\/em>,\u00a0\u00a0<em>Medios de comunicaci\u00f3n y sociedad, An\u00e1lisis del lenguaje publicitario, T\u00e9cnicas de comunicaci\u00f3n ling\u00fc\u00edstica, Lengua espa\u00f1ola, Terminolog\u00eda,\u00a0<\/em>o\u00a0<em>An\u00e1lisis pragm\u00e1tico del discurso<\/em>, as\u00ed como cursos de doctorado dedicados a la\u00a0<em>Ret\u00f3rica de la publicidad<\/em>. Ha impartido\u00a0<em>An\u00e1lisis, comentario y redacci\u00f3n de textos (en espa\u00f1ol) <\/em>en el\u00a0M\u00e1ster en Profesor de Educaci\u00f3n Secundaria Obligatoria y Bachillerato, Formaci\u00f3n Profesional y Ense\u00f1anza de Idiomas y\u00a0<em>Neurom\u00e1rketing, discurso publicitario y argumentaci\u00f3n emocional<\/em>\u00a0en el M\u00e1ster de Patrimonio y Comunicaci\u00f3n.<\/p>\n<p>Ha sido Director de Cursos de Extensi\u00f3n Universitaria y Cursos de Verano de la Universidad de Burgos desde 2012 hasta 2018 y secretario acad\u00e9mico del Departamento de Filolog\u00eda de la Universidad de Burgos desde marzo de 2014\u00a0a octubre de 2016.<\/p>\n<p style=\"text-align: justify;\">Fue profesor de Bachillerato e\u00a0imparti\u00f3 clases de\u00a0<em>Lengua, Literatura, Literatura Universal, Filosof\u00eda, Historia de la Filosof\u00eda o Introducci\u00f3n a los medios de informaci\u00f3n y comunicaci\u00f3n\u00a0<\/em>y\u00a0<em>Educaci\u00f3n F\u00edsica<\/em>\u00a0(s\u00ed, Educaci\u00f3n F\u00edsica: es una historia larga de contar&#8230;), asignaturas todas de las que guarda un gran recuerdo, as\u00ed como de los cientos y cientos de alumnos que andan ahora por el mundo. Tambi\u00e9n en la ense\u00f1anza secundaria tuvo encomendadas tareas de direcci\u00f3n de Secundaria y Bachillerato, jefatura del departamento de Lengua e Idiomas y coordinaci\u00f3n de bachillerato.<\/p>\n<p style=\"text-align: justify;\">Adem\u00e1s de ser un \u201cserio y respetable\u201d profesor, tiene tambi\u00e9n alg\u00fan que otro vicio confesable: el cine, las series de televisi\u00f3n y la literatura, por supuesto, pero tambi\u00e9n el deporte (el atletismo de fondo, la nataci\u00f3n, el\u00a0<em>spinning:\u00a0<\/em>se reconoce feliz cuando tiene un camino, una carretera o una piscina con muchos minutos por delante). Es un apasionado de la comunicaci\u00f3n y de las nuevas tecnolog\u00edas, a las que presta su dedicaci\u00f3n tanto en la pr\u00e1ctica como en su actividad investigadora.<\/p>\n<p style=\"text-align: justify;\">Se licenci\u00f3 en Filosof\u00eda y Letras (Filolog\u00eda Hisp\u00e1nica) en la Universidad de Valladolid, realiz\u00f3 sus estudios de Doctorado en el Departamento de Ling\u00fa\u00edstica, Lenguas modernas, L\u00f3gica y Filosof\u00eda de la Ciencia y Teor\u00eda de la Literatura y Literatura comparada de la Universidad Aut\u00f3noma de Madrid, donde se doctor\u00f3 en 2003 con la tesis titulada\u00a0<em>Los macroactos literarios de ficci\u00f3n y las relaciones intertextuales diferidas en la constituci\u00f3n de la literatura: a prop\u00f3sito de la literatura medieval<\/em>, dirigida por Tom\u00e1s Albaladejo. Tambi\u00e9n posee el M\u00e1ster Universitario en Profesores de Espa\u00f1ol como Segunda Lengua de la UNED (2018).<\/p>\n<p style=\"text-align: justify;\">Sus campos principales de inter\u00e9s son la ret\u00f3rica, la publicidad, la pragm\u00e1tica, la semi\u00f3tica y el estudio de la teor\u00eda de la comunicaci\u00f3n y la ficci\u00f3n cinematogr\u00e1fica.<\/p>\n<p>Para una informaci\u00f3n m\u00e1s detallada y actualizada, puede consultarse su <a href=\"https:\/\/ubuvirtual.ubu.es\/user\/profile.php?id=6894\">perfil en la Universidad de Burgos<\/a>.<\/p>\n","protected":false},"excerpt":{"rendered":"<p>Ra\u00fal Urbina Fonturbel naci\u00f3 en Burgos en un cada vez m\u00e1s lejano 1966. Imparte clases en la Universidad de Burgos como profesor \u00a0en el Departamento de Filolog\u00eda (\u00e1rea Lengua espa\u00f1ola) desde 2005. Es coordinador del programa Erasmus con University College London (RU). Tambi\u00e9n lo fue de University of Exeter (RU), University College London (RU) y [&hellip;]<\/p>\n","protected":false},"author":1,"featured_media":30,"parent":0,"menu_order":0,"comment_status":"open","ping_status":"open","template":"","meta":{"_exactmetrics_skip_tracking":false,"_exactmetrics_sitenote_active":false,"_exactmetrics_sitenote_note":"","_exactmetrics_sitenote_category":0,"jetpack_post_was_ever_published":false,"footnotes":""},"class_list":["post-36","page","type-page","status-publish","has-post-thumbnail","hentry"],"jetpack_sharing_enabled":true,"jetpack_shortlink":"https:\/\/wp.me\/P3zkbD-A","_links":{"self":[{"href":"https:\/\/urbinavolant.com\/scripta\/wp-json\/wp\/v2\/pages\/36","targetHints":{"allow":["GET"]}}],"collection":[{"href":"https:\/\/urbinavolant.com\/scripta\/wp-json\/wp\/v2\/pages"}],"about":[{"href":"https:\/\/urbinavolant.com\/scripta\/wp-json\/wp\/v2\/types\/page"}],"author":[{"embeddable":true,"href":"https:\/\/urbinavolant.com\/scripta\/wp-json\/wp\/v2\/users\/1"}],"replies":[{"embeddable":true,"href":"https:\/\/urbinavolant.com\/scripta\/wp-json\/wp\/v2\/comments?post=36"}],"version-history":[{"count":16,"href":"https:\/\/urbinavolant.com\/scripta\/wp-json\/wp\/v2\/pages\/36\/revisions"}],"predecessor-version":[{"id":6146,"href":"https:\/\/urbinavolant.com\/scripta\/wp-json\/wp\/v2\/pages\/36\/revisions\/6146"}],"wp:featuredmedia":[{"embeddable":true,"href":"https:\/\/urbinavolant.com\/scripta\/wp-json\/wp\/v2\/media\/30"}],"wp:attachment":[{"href":"https:\/\/urbinavolant.com\/scripta\/wp-json\/wp\/v2\/media?parent=36"}],"curies":[{"name":"wp","href":"https:\/\/api.w.org\/{rel}","templated":true}]}}