{"id":114,"date":"2020-11-23T12:02:54","date_gmt":"2020-11-23T12:02:54","guid":{"rendered":"https:\/\/urbinavolant.com\/redaccionyescrituraacademica\/?page_id=114"},"modified":"2020-11-26T11:02:55","modified_gmt":"2020-11-26T11:02:55","slug":"guion-del-curso","status":"publish","type":"page","link":"https:\/\/urbinavolant.com\/redaccionyescrituraacademica\/?page_id=114","title":{"rendered":"Guion del curso"},"content":{"rendered":"\n<p>El curso empez\u00f3 con tres din\u00e1micas:<\/p>\n\n\n\n<ul class=\"wp-block-list\"><li>Una secuencia de la pel\u00edcula <em>Pretty Woman<\/em>.<\/li><li>Un tuit de Arturo-Reverte y la contestaci\u00f3n de la Polic\u00eda Nacional.<\/li><li>La realizaci\u00f3n de un test de conocimientos previos sobre la \u00faltima edici\u00f3n de la ortograf\u00eda acad\u00e9mica.<\/li><\/ul>\n\n\n\n<p>La secuencia de la pel\u00edcula y los tuits los ten\u00e9is m\u00e1s abajo. El test lo pod\u00e9is encontrar en la parte superior del men\u00fa de esta p\u00e1gina.<\/p>\n\n\n\n<ol class=\"wp-block-list\"><li><a rel=\"noreferrer noopener\" href=\"https:\/\/urbinavolant.com\/redaccionyescrituraacademica\/?p=111\" target=\"_blank\">La importancia de la escritura en el trabajo acad\u00e9mico<\/a>.<\/li><li><a rel=\"noreferrer noopener\" href=\"https:\/\/urbinavolant.com\/redaccionyescrituraacademica\/wp-content\/uploads\/2020\/11\/IFIE-2020-Redaccion-y-escritura-academica-para-docentes-1a-sesion.pdf\" target=\"_blank\">Sesi\u00f3n 1: d\u00eda 24.<\/a><\/li><li><a rel=\"noreferrer noopener\" href=\"https:\/\/urbinavolant.com\/redaccionyescrituraacademica\/wp-content\/uploads\/2020\/11\/IFIE-2020-Redaccion-y-escritura-academica-para-docentes-2a-sesion.pdf\" target=\"_blank\">Sesi\u00f3n 2: d\u00eda 25<\/a>.<\/li><li><a href=\"https:\/\/urbinavolant.com\/redaccionyescrituraacademica\/wp-content\/uploads\/2020\/11\/IFIE-2020-Redaccion-y-escritura-academica-para-docentes-3a-sesion.pdf\" target=\"_blank\" rel=\"noreferrer noopener\">Sesi\u00f3n 3: d\u00eda 26<\/a>.<\/li><li><a rel=\"noreferrer noopener\" href=\"https:\/\/urbinavolant.com\/redaccionyescrituraacademica\/?p=115\" target=\"_blank\">Cuestiones relacionadas con la acentuaci\u00f3n<\/a>.<\/li><\/ol>\n\n\n\n<p>\u00a1Empezamos con <em>Pretty Woman<\/em>!<\/p>\n\n\n\n<figure class=\"wp-block-embed-youtube wp-block-embed is-type-video is-provider-youtube wp-embed-aspect-16-9 wp-has-aspect-ratio\"><div class=\"wp-block-embed__wrapper\">\n<iframe loading=\"lazy\" title=\"Norma y uso del espa\u00f1ol\" width=\"840\" height=\"473\" src=\"https:\/\/www.youtube.com\/embed\/bh9iGTZ0A_M?feature=oembed\" frameborder=\"0\" allow=\"accelerometer; autoplay; clipboard-write; encrypted-media; gyroscope; picture-in-picture\" allowfullscreen><\/iframe>\n<\/div><\/figure>\n\n\n\n<p>\u00a1Y seguimos, c\u00f3mo no, con Arturo P\u00e9rez-Reverte!<\/p>\n\n\n\n<figure class=\"wp-block-embed-twitter wp-block-embed is-type-rich is-provider-twitter\"><div class=\"wp-block-embed__wrapper\">\n<blockquote class=\"twitter-tweet\" data-width=\"550\" data-dnt=\"true\"><p lang=\"es\" dir=\"ltr\">\u00bfUna Polic\u00eda Nacional que intenta que los ciudadanos la tomen en serio puede escribir &quot;nosotrxs&quot; en un twit oficial sobre un asunto tan importante como \u00e9ste?&#8230; \u00bfO se deval\u00faa y ridiculiza as\u00ed el propio mensaje? <a href=\"https:\/\/t.co\/xYIZC7QYuQ\">https:\/\/t.co\/xYIZC7QYuQ<\/a><\/p>&mdash; Arturo P\u00e9rez-Reverte (@perezreverte) <a href=\"https:\/\/twitter.com\/perezreverte\/status\/1330868789433524231?ref_src=twsrc%5Etfw\">November 23, 2020<\/a><\/blockquote><script async src=\"https:\/\/platform.twitter.com\/widgets.js\" charset=\"utf-8\"><\/script>\n<\/div><\/figure>\n\n\n\n<figure class=\"wp-block-embed-twitter wp-block-embed is-type-rich is-provider-twitter\"><div class=\"wp-block-embed__wrapper\">\n<blockquote class=\"twitter-tweet\" data-width=\"550\" data-dnt=\"true\"><p lang=\"es\" dir=\"ltr\">Gracias, Arturo. Tomamos nota para pr\u00f3ximos &quot;tuits&quot; \ud83d\ude09 <a href=\"https:\/\/t.co\/CxOMsdLJJC\">https:\/\/t.co\/CxOMsdLJJC<\/a> <a href=\"https:\/\/t.co\/DzExw1dIgf\">pic.twitter.com\/DzExw1dIgf<\/a><\/p>&mdash; Polic\u00eda Nacional (@policia) <a href=\"https:\/\/twitter.com\/policia\/status\/1330889141698093059?ref_src=twsrc%5Etfw\">November 23, 2020<\/a><\/blockquote><script async src=\"https:\/\/platform.twitter.com\/widgets.js\" charset=\"utf-8\"><\/script>\n<\/div><\/figure>\n\n\n\n<h3 class=\"wp-block-heading\">Y, ahora, s\u00ed, empezamos:<\/h3>\n","protected":false},"excerpt":{"rendered":"<p>El curso empez\u00f3 con tres din\u00e1micas: Una secuencia de la pel\u00edcula Pretty Woman. Un tuit de Arturo-Reverte y la contestaci\u00f3n de la Polic\u00eda Nacional. La realizaci\u00f3n de un test de conocimientos previos sobre la \u00faltima edici\u00f3n de la ortograf\u00eda acad\u00e9mica. La secuencia de la pel\u00edcula y los tuits los ten\u00e9is m\u00e1s abajo. El test lo &hellip; <a href=\"https:\/\/urbinavolant.com\/redaccionyescrituraacademica\/?page_id=114\" class=\"more-link\">Continuar leyendo<span class=\"screen-reader-text\"> \u00abGuion del curso\u00bb<\/span><\/a><\/p>\n","protected":false},"author":1,"featured_media":0,"parent":0,"menu_order":0,"comment_status":"closed","ping_status":"closed","template":"","meta":{"footnotes":""},"class_list":["post-114","page","type-page","status-publish","hentry"],"_links":{"self":[{"href":"https:\/\/urbinavolant.com\/redaccionyescrituraacademica\/index.php?rest_route=\/wp\/v2\/pages\/114","targetHints":{"allow":["GET"]}}],"collection":[{"href":"https:\/\/urbinavolant.com\/redaccionyescrituraacademica\/index.php?rest_route=\/wp\/v2\/pages"}],"about":[{"href":"https:\/\/urbinavolant.com\/redaccionyescrituraacademica\/index.php?rest_route=\/wp\/v2\/types\/page"}],"author":[{"embeddable":true,"href":"https:\/\/urbinavolant.com\/redaccionyescrituraacademica\/index.php?rest_route=\/wp\/v2\/users\/1"}],"replies":[{"embeddable":true,"href":"https:\/\/urbinavolant.com\/redaccionyescrituraacademica\/index.php?rest_route=%2Fwp%2Fv2%2Fcomments&post=114"}],"version-history":[{"count":5,"href":"https:\/\/urbinavolant.com\/redaccionyescrituraacademica\/index.php?rest_route=\/wp\/v2\/pages\/114\/revisions"}],"predecessor-version":[{"id":139,"href":"https:\/\/urbinavolant.com\/redaccionyescrituraacademica\/index.php?rest_route=\/wp\/v2\/pages\/114\/revisions\/139"}],"wp:attachment":[{"href":"https:\/\/urbinavolant.com\/redaccionyescrituraacademica\/index.php?rest_route=%2Fwp%2Fv2%2Fmedia&parent=114"}],"curies":[{"name":"wp","href":"https:\/\/api.w.org\/{rel}","templated":true}]}}