{"id":392,"date":"2021-02-05T12:21:34","date_gmt":"2021-02-05T10:21:34","guid":{"rendered":"http:\/\/urbinavolant.com\/raulurbina\/?page_id=392"},"modified":"2021-09-28T18:01:59","modified_gmt":"2021-09-28T16:01:59","slug":"paginas-sitios-web-y-blogs","status":"publish","type":"page","link":"https:\/\/urbinavolant.com\/raulurbina\/index.php\/paginas-sitios-web-y-blogs\/","title":{"rendered":"P\u00e1ginas, sitios web y blogs"},"content":{"rendered":"\n<p>Soy autor de las siguientes p\u00e1ginas y sitios web de car\u00e1cter personal y profesional:<\/p>\n\n\n\n<ul class=\"wp-block-list\"><li><a rel=\"noreferrer noopener\" href=\"https:\/\/www.urbinavolant.com\/verbavolant\" target=\"_blank\">VerbaVolant<\/a>. Blog personal de creaci\u00f3n literaria, cuestiones culturales y muchas cosas m\u00e1s.<\/li><li><a rel=\"noreferrer noopener\" href=\"http:\/\/urbinavolant.com\/scripta\" target=\"_blank\">ScriptaManent.<\/a> Blog de reflexi\u00f3n sobre aspectos acad\u00e9micos.<\/li><li><a rel=\"noreferrer noopener\" style=\"font-size: 1rem;\" href=\"https:\/\/urbinavolant.com\/pragmaubu\" target=\"_blank\">PRAGMAubu<\/a><span style=\"font-size: 1rem;\">. Es el sitio web utilizado para las asignaturas \u00abPragm\u00e1tica del espa\u00f1ol\u00bb y \u00abEl componente discursivo y pragm\u00e1tico en la ense\u00f1anza del espa\u00f1ol como lengua extranjera\u00bb.<\/span><\/li><li><a rel=\"noreferrer noopener\" href=\"https:\/\/urbinavolant.com\/socioculturalUBU\" target=\"_blank\">SOCIOCULTURALubu<\/a>. Es el sitio web utilizado para la asignatura \u00abEl componente sociocultural en la ense\u00f1anza del espa\u00f1ol como lengua extranjera\u00bb.<\/li><li><a href=\"https:\/\/www.urbinavolant.com\/talleres\/\" target=\"_blank\" rel=\"noreferrer noopener\">Talleres ELE<\/a>. Es un sitio web destinado a los cursos y talleres sobre ense\u00f1anza de ELE en los que participo para que los asistentes vean y descarguen los materiales.<\/li><li><a rel=\"noreferrer noopener\" href=\"http:\/\/urbinavolant.com\/argumentos\" target=\"_blank\">Argumentaci\u00f3n<\/a>. Es una p\u00e1gina web con algunos contenidos muy sencillos sobre teor\u00eda de la argumentaci\u00f3n.<\/li><li><a rel=\"noreferrer noopener\" href=\"https:\/\/urbinavolant.com\/wordpressytwitter\/\" target=\"_blank\">Creaci\u00f3n y uso de WordPress y Twitter<\/a>. Es una p\u00e1gina web que actualiza los contenidos de un curso sobre el uso de los blogs, p\u00e1ginas web y Twitter en el \u00e1mbito educativo.<\/li><li><a rel=\"noreferrer noopener\" href=\"http:\/\/urbinavolant.com\/ubu\/\" target=\"_blank\">URBINAVOLANT.com<\/a>. Sitio web que yo no se actualiza en el que se puede acceder a algunos contenidos acad\u00e9micos de asignaturas que he impartido.<\/li><\/ul>\n\n\n\n<p>Adem\u00e1s, suelo crear una p\u00e1gina web para muchos de los cursos de formaci\u00f3n que imparto:<\/p>\n\n\n\n<ul class=\"wp-block-list\"><li><a rel=\"noreferrer noopener\" href=\"http:\/\/urbinavolant.com\/AES\" target=\"_blank\">XV AES<\/a>. Im\u00e1genes y v\u00eddeos de mi aportaci\u00f3n \u201dTiempo, persuasi\u00f3n y ret\u00f3rica de las emociones en el discurso publicitario\u201d, presentado en el<a rel=\"noreferrer noopener\" href=\"http:\/\/www3.ubu.es\/csemiotica\/\" target=\"_blank\">&nbsp;XV Congreso de la Asociaci\u00f3n Espa\u00f1ola de Semi\u00f3tica<\/a>&nbsp;en Burgos, del 16 al 18 de octubre de 2013.<\/li><li>Divulgaci\u00f3n y expresi\u00f3n del conocimiento cient\u00edfico.<\/li><li>Desarrollo de la expresi\u00f3n escrita.<\/li><li>La publicidad: argumentaci\u00f3n y persuasi\u00f3n.<\/li><li>El lenguaje audiovisual.<\/li><li>Curso de morfolog\u00eda CFIE-IFIE.<\/li><li>La escritura en la era digital.<\/li><li>Neuromarketing, discurso publicitario y argumentaci\u00f3n emocional.<\/li><li>An\u00e1lisis, comentario y redacci\u00f3n de textos.<\/li><li>Norma y uso del espa\u00f1ol.<\/li><li>Las \u00abnovedades\u00bb en la <em>Ortograf\u00eda<\/em> de la Real Academia.<\/li><\/ul>\n","protected":false},"excerpt":{"rendered":"<p>Soy autor de las siguientes p\u00e1ginas y sitios web de car\u00e1cter personal y profesional: VerbaVolant. Blog personal de creaci\u00f3n literaria, cuestiones culturales y muchas cosas m\u00e1s. ScriptaManent. Blog de reflexi\u00f3n sobre aspectos acad\u00e9micos. PRAGMAubu. Es el sitio web utilizado para las asignaturas \u00abPragm\u00e1tica del espa\u00f1ol\u00bb y \u00abEl componente discursivo y pragm\u00e1tico en la ense\u00f1anza del [&hellip;]<\/p>\n","protected":false},"author":1,"featured_media":0,"parent":0,"menu_order":0,"comment_status":"closed","ping_status":"closed","template":"","meta":{"jetpack_post_was_ever_published":false,"footnotes":""},"class_list":["post-392","page","type-page","status-publish","hentry"],"jetpack_sharing_enabled":true,"jetpack_shortlink":"https:\/\/wp.me\/P6eotf-6k","_links":{"self":[{"href":"https:\/\/urbinavolant.com\/raulurbina\/index.php\/wp-json\/wp\/v2\/pages\/392","targetHints":{"allow":["GET"]}}],"collection":[{"href":"https:\/\/urbinavolant.com\/raulurbina\/index.php\/wp-json\/wp\/v2\/pages"}],"about":[{"href":"https:\/\/urbinavolant.com\/raulurbina\/index.php\/wp-json\/wp\/v2\/types\/page"}],"author":[{"embeddable":true,"href":"https:\/\/urbinavolant.com\/raulurbina\/index.php\/wp-json\/wp\/v2\/users\/1"}],"replies":[{"embeddable":true,"href":"https:\/\/urbinavolant.com\/raulurbina\/index.php\/wp-json\/wp\/v2\/comments?post=392"}],"version-history":[{"count":5,"href":"https:\/\/urbinavolant.com\/raulurbina\/index.php\/wp-json\/wp\/v2\/pages\/392\/revisions"}],"predecessor-version":[{"id":481,"href":"https:\/\/urbinavolant.com\/raulurbina\/index.php\/wp-json\/wp\/v2\/pages\/392\/revisions\/481"}],"wp:attachment":[{"href":"https:\/\/urbinavolant.com\/raulurbina\/index.php\/wp-json\/wp\/v2\/media?parent=392"}],"curies":[{"name":"wp","href":"https:\/\/api.w.org\/{rel}","templated":true}]}}