{"id":31,"date":"2015-05-22T07:42:34","date_gmt":"2015-05-22T05:42:34","guid":{"rendered":"http:\/\/urbinavolant.com\/raulurbina\/?page_id=31"},"modified":"2026-02-15T10:55:12","modified_gmt":"2026-02-15T08:55:12","slug":"biografia","status":"publish","type":"page","link":"https:\/\/urbinavolant.com\/raulurbina\/index.php\/biografia\/","title":{"rendered":"Sobre m\u00ed"},"content":{"rendered":"\n<figure class=\"wp-block-image size-large is-resized is-style-rounded\"><img loading=\"lazy\" decoding=\"async\" width=\"683\" height=\"1024\" src=\"http:\/\/urbinavolant.com\/raulurbina\/wp-content\/uploads\/2019\/09\/Foto-carn\u00e9-marzo-2019-683x1024.jpg\" alt=\"\" class=\"wp-image-217\" style=\"width:170px;height:255px\" srcset=\"https:\/\/urbinavolant.com\/raulurbina\/wp-content\/uploads\/2019\/09\/Foto-carn\u00e9-marzo-2019-683x1024.jpg 683w, https:\/\/urbinavolant.com\/raulurbina\/wp-content\/uploads\/2019\/09\/Foto-carn\u00e9-marzo-2019-200x300.jpg 200w, https:\/\/urbinavolant.com\/raulurbina\/wp-content\/uploads\/2019\/09\/Foto-carn\u00e9-marzo-2019-768x1152.jpg 768w, https:\/\/urbinavolant.com\/raulurbina\/wp-content\/uploads\/2019\/09\/Foto-carn\u00e9-marzo-2019.jpg 1824w\" sizes=\"auto, (max-width: 683px) 100vw, 683px\" \/><\/figure>\n\n\n\n<p class=\"has-medium-font-size\"><strong>Docencia<\/strong><\/p>\n\n\n\n<p>Profesor del \u00e1rea de Lengua Espa\u00f1ola en el <a rel=\"noreferrer noopener\" aria-label=\"Soy profesor del \u00e1rea de Lengua Espa\u00f1ola en el Departamento de Filolog\u00eda de la Universidad de Burgos. (opens in a new tab)\" href=\"https:\/\/www.ubu.es\/departamento-de-filologia\" target=\"_blank\">Departamento de Filolog\u00eda<\/a> en la Facultad de Humanidades y Comunicaci\u00f3n de la <a rel=\"noreferrer noopener\" aria-label=\"Soy profesor del \u00e1rea de Lengua Espa\u00f1ola en el Departamento de Filolog\u00eda de la Universidad de Burgos. (opens in a new tab)\" href=\"https:\/\/www.ubu.es\" target=\"_blank\">Universidad de Burgos<\/a>.<\/p>\n\n\n\n<p>En el curso 2025-2026, imparto las siguientes asignaturas:<\/p>\n\n\n\n<p>GRADO EN ESPA\u00d1OL: LENGUA Y LITERATURA<\/p>\n\n\n\n<ul class=\"wp-block-list\">\n<li>Pragm\u00e1tica del Espa\u00f1ol.<\/li>\n<\/ul>\n\n\n\n<p>M\u00c1STER ONLINE EN ENSE\u00d1ANZA DEL ESPA\u00d1OL COMO LENGUA EXTRANJERA<\/p>\n\n\n\n<ul class=\"wp-block-list\">\n<li>Componentes Discursivos y Pragm\u00e1ticos en la Ense\u00f1anza de Espa\u00f1ol como Lengua Extranjera..<\/li>\n\n\n\n<li>El Componente Sociocultural en la Ense\u00f1anza de Espa\u00f1ol como Lengua Extranjera.<\/li>\n<\/ul>\n\n\n\n<p class=\"has-medium-font-size\"><strong>Investigaci\u00f3n<\/strong><\/p>\n\n\n\n<p>Mis l\u00edneas de investigaci\u00f3n principales est\u00e1n relacionadas con la ret\u00f3rica y la argumentaci\u00f3n, la pragm\u00e1tica y el an\u00e1lisis del discurso aplicados a la publicidad, as\u00ed como la ense\u00f1anza del espa\u00f1ol como lengua extranjera.<\/p>\n\n\n\n<p>Tambi\u00e9n me interesan los elementos semi\u00f3ticos, comunicativos y pragm\u00e1tico-discursivos aplicados a las ficciones audiovisuales y a las redes sociales, as\u00ed como los aspectos normativos y de uso de la lengua espa\u00f1ola.<\/p>\n\n\n\n<p> Coordinador del grupo de investigaci\u00f3n INFORELE (Grupo de investigaci\u00f3n y formaci\u00f3n en espa\u00f1ol como lengua extranjera).<\/p>\n\n\n\n<p class=\"has-medium-font-size\"><strong>Formaci\u00f3n acad\u00e9mica<\/strong><\/p>\n\n\n\n<p>Doctor en Filosof\u00eda y Letras (Filolog\u00eda) por la Universidad Aut\u00f3noma de Madrid con mi tesis&nbsp;<em>Los macroactos literarios de ficci\u00f3n y las relaciones intertextuales diferidas en la constituci\u00f3n de la literatura: a prop\u00f3sito de la literatura medieval<\/em>.&nbsp;<\/p>\n\n\n\n<p>M\u00e1ster Universitario en Profesor de Espa\u00f1ol como Segunda Lengua por la UNED.<\/p>\n\n\n\n<p>Licenciado en Filosof\u00eda y Letras (Filolog\u00eda Hisp\u00e1nica) por la Universidad de Valladolid.<\/p>\n\n\n\n<p class=\"has-medium-font-size\"><strong>Estancias y proyectos de investigaci\u00f3n y grupos de innovaci\u00f3n docente<\/strong><\/p>\n\n\n\n<p>En 2015, invitado por el Instituto de Ling\u00fc\u00edstica de la Facultad de Filosof\u00eda y Letras de Buenos Aires, realic\u00e9 una estancia de investigaci\u00f3n de un mes para profundizar en el estudio de los mecanismos ling\u00fc\u00edstico-ret\u00f3ricos del discurso publicitario con la profesora Mar\u00eda Alejandra Vitale.<\/p>\n\n\n\n<p>En 2022, invitado por la Faculty of Medieval &amp; Modern Languages de la University de Oxford, realic\u00e9 una estancia para conocer en profundidad el sistema de <em>tutorials<\/em> de esta universidad, para realizar labores de investigaci\u00f3n relacionadas con la ense\u00f1anza del espa\u00f1ol como lengua extranjera, para consultar fondos bibliogr\u00e1ficos en la Boddelian Library, invitado por Javier Mu\u00f1oz-Basols.<\/p>\n\n\n\n<p>Hice tambi\u00e9n una estancia predoctoral de investigaci\u00f3n en Par\u00eds.<\/p>\n\n\n\n<p>He participado en los siguientes proyectos de investigaci\u00f3n:<\/p>\n\n\n\n<p>En la actualidad<\/p>\n\n\n\n<ul class=\"wp-block-list\">\n<li>Miembro del proyecto \u00abPr\u00e1cticas argumentativas y pragm\u00e1tica de las razones (Parg_Praz)\u00bb, financiado por el Ministerio FEDER\/ Ministerio de Ciencia, Innovaci\u00f3n y Universidades, Agencia Estatal de Investigaci\u00f3n. N\u00famero de referencia: PGC2018-095941-B-I00. 2019-2021. Investigador principal: Hubert Marraud.<\/li>\n\n\n\n<li>Miembro del proyecto \u00abAnalog\u00eda, equivalencia, polivalencia y transferibilidad como fundamentos ret\u00f3rico-culturales e interdiscursivos del arte de lenguaje: literatura, ret\u00f3rica, discurso\u00bb (TRANSLATIO), financiado por el Ministerio FEDER\/ Ministerio de Ciencia, Innovaci\u00f3n y Universidades, Agencia Estatal de Investigaci\u00f3n. N\u00famero de referencia: PGC2018-093852-B-1002019-2022. Investigador principal: Tom\u00e1s Albaladejo.<\/li>\n\n\n\n<li>Miembro del <em>Jumelage entre Le Royaume d\u2019Espagne Conseil de l\u2019\u00c9ducation de Castille et L\u00e9on et La R\u00e9publique Alg\u00e9rienne D\u00e9mocratique et Populaire Minist\u00e8re de l\u2019Enseignement Sup\u00e9rieur et de la Recherche Scientifique (MESRS)<\/em>, en colaboraci\u00f3n con la FIIAPP (Fundaci\u00f3n Internacional y para Iberoam\u00e9rica de Administraci\u00f3n y Pol\u00edticas P\u00fablicas) <\/li>\n<\/ul>\n\n\n\n<ul class=\"wp-block-list\">\n<li><\/li>\n<\/ul>\n\n\n\n<p>Proyectos anteriores<\/p>\n\n\n\n<ul class=\"wp-block-list\">\n<li>Miembro del proyecto de investigaci\u00f3n \u201cAn\u00e1lisis interdiscursivo. Planteamiento y propuesta de un&nbsp;instrumental te\u00f3rico-cr\u00edtico de fundamentaci\u00f3n ret\u00f3rica, te\u00f3rico-literaria y comparada para el an\u00e1lisis y la explicaci\u00f3n de la constituci\u00f3n, funci\u00f3n y pluralidad de los discursos\u201d, financiado por el Ministerio de Investigaci\u00f3n. Duraci\u00f3n de 2007 hasta 2010. Investigador principal: Tom\u00e1s Albaladejo Mayordomo.<\/li>\n\n\n\n<li>Miembro del proyecto \u201cRet\u00f3rica cultural\u201d (RETCULT. Ref.: FFI2010-15160).&nbsp;<em>Ret\u00f3rica cultural.&nbsp;Planteamiento de un sistema metodol\u00f3gico de base comparada para el estudio de la literatura, el discurso y la cultura a partir de sus componentes persuasivos<\/em>, financiado por el Ministerio de Ciencia e Innovaci\u00f3n. Investigador principal: Tom\u00e1s Albaladejo Mayordomo. 2010-2013.<\/li>\n\n\n\n<li>Miembro del proyecto de investigaci\u00f3n METAPHORA, \u201cLa met\u00e1fora como componente de la Ret\u00f3rica Cultural. Fundamentos y aspectos ret\u00f3ricos, literarios, sociales, ecocr\u00edticos y culturales de los mecanismos metaf\u00f3ricos\u201d&nbsp;(referencia FFI2014-53391-P), financiado por la Secretar\u00eda de Estado de Investigaci\u00f3n, Desarrollo e Innovaci\u00f3n. 2016-2018.<\/li>\n<\/ul>\n\n\n\n<p>Formo parte de dos grupos de innovaci\u00f3n docente en mi universidad:&nbsp;<a rel=\"noreferrer noopener\" aria-label=\"Formo parte de dos grupos de innovaci\u00f3n docente en mi universidad:&nbsp;GID UBU Nuevas Estrategias para Mejorar la Comprensi\u00f3n Lectora en Estudiantes Universitarios y&nbsp;GID Multidisciplinar de la UBU en Experiencias de Ense\u00f1anza Online (eNOL).\n (opens in a new tab)\" href=\"https:\/\/www.ubu.es\/formacion-e-innovacion-educativa\/grupos-de-innovacion-docente-de-la-universidad-de-burgos\/gid-ubu-nuevas-estrategias-para-mejorar-la-comprension-lectora-en-estudianes\" target=\"_blank\">GID UBU Nuevas Estrategias para Mejorar la Comprensi\u00f3n Lectora en Estudiantes Universitarios<\/a> y&nbsp;<a href=\"https:\/\/www.ubu.es\/instituto-de-formacion-e-innovacion-educativa-ifie\/grupos-de-innovacion-docente-de-la-universidad-de-burgos\/gid-multidisciplinar-de-la-ubu-en-experiencias-de-ensenanza-online-enol\" target=\"_blank\" rel=\"noreferrer noopener\" aria-label=\"Formo parte de dos grupos de innovaci\u00f3n docente en mi universidad:&nbsp;GID UBU Nuevas Estrategias para Mejorar la Comprensi\u00f3n Lectora en Estudiantes Universitarios y&nbsp;GID Multidisciplinar de la UBU en Experiencias de Ense\u00f1anza Online (eNOL).\n (opens in a new tab)\">GID Multidisciplinar de la UBU en Experiencias de Ense\u00f1anza Online (eNOL)<\/a>.<br><\/p>\n\n\n\n<p class=\"has-medium-font-size\"><strong>Experiencia profesional y cargos acad\u00e9micos<\/strong><\/p>\n\n\n\n<p>He sido el Responsable Local de Materia (RLM) de la EBAU en la asignatura de \u00abLengua castellana y Literatura\u00bb de Burgos.<\/p>\n\n\n\n<p>Dirijo el <a rel=\"noreferrer noopener\" href=\"https:\/\/www.ubu.es\/centro-internacional-del-espanol\" target=\"_blank\">Centro Internacional del Espa\u00f1ol <\/a>de la Universidad de Burgos.<\/p>\n\n\n\n<p>He sido coordinador del M\u00e1ster online en Ense\u00f1anza del Espa\u00f1ol como Lengua extranjera hasta diciembre de 2020. Tambi\u00e9n he desempe\u00f1ado el cargo de director de Cursos de Extensi\u00f3n Universitaria y Cursos de Verano de la Universidad de Burgos desde 2012 a 2018 y secretario del Departamento de Filolog\u00eda de la Universidad de Burgos desde 2014 a 2016).<\/p>\n\n\n\n<p>Soy el presidente del comit\u00e9 organizador del Congreso Internacional de ASELE que se desarrollar\u00e1 en Burgos en 2023.<\/p>\n\n\n\n<p>Coordinador del programa Erasmus con&nbsp;University College London (RU). Tambi\u00e9n he sido coordinador Erasmus en &nbsp;University of Exeter (RU), &nbsp;y Universit\u00e0 degli Studi del Molise (Italia).<\/p>\n\n\n\n<p>Soy profesor en la Universidad de Burgos desde 2005. Adem\u00e1s de las asignaturas que imparto durante este curso acad\u00e9mico, he sido profesor de&nbsp;<em>An\u00e1lisis, redacci\u00f3n y comentario de texto (en espa\u00f1ol)<\/em> en el&nbsp;M\u00e1ster de&nbsp;Profesor de Educaci\u00f3n Secundaria Obligatoria y Bachillerato, Formaci\u00f3n Profesional y Ense\u00f1anza de Idiomas, y de&nbsp;<em>Neurom\u00e1rketing, discurso publicitario y argumentaci\u00f3n emocional<\/em>&nbsp;en el M\u00e1ster de Patrimonio y Comunicaci\u00f3n. Otras asignaturas que he impartido han sido&nbsp;<em>Ling\u00fc\u00edstica General, Fon\u00e9tica<\/em> y <em>Fonolog\u00eda,&nbsp;Norma y uso del Espa\u00f1ol<\/em>, <em>Medios de comunicaci\u00f3n y sociedad, An\u00e1lisis del lenguaje publicitario, T\u00e9cnicas de comunicaci\u00f3n ling\u00fc\u00edstica, Lengua espa\u00f1ola, Terminolog\u00eda,&nbsp;<\/em>o&nbsp;<em>An\u00e1lisis pragm\u00e1tico del discurso<\/em>, as\u00ed como cursos de doctorado dedicados a la&nbsp;<em>Ret\u00f3rica de la publicidad<\/em>.<\/p>\n\n\n\n<p>Antes de dar clase en la universidad, fue profesor de Secundaria y Bachillerato. Impart\u00ed clases de&nbsp;<em>Lengua y Literatura, Literatura Universal, Filosof\u00eda, Historia de la Filosof\u00eda o Introducci\u00f3n a los medios de informaci\u00f3n y comunicaci\u00f3n&#8230;&nbsp;<\/em>y&nbsp;<em>Educaci\u00f3n F\u00edsica<\/em>&nbsp;(s\u00ed, Educaci\u00f3n F\u00edsica, es una historia larga de contar&#8230;). Tambi\u00e9n en la ense\u00f1anza secundaria, tuve encomendadas la tarea de direcci\u00f3n de Secundaria y Bachillerato, la &nbsp;jefatura del departamento de Lengua e Idiomas y la coordinaci\u00f3n de bachillerato.<\/p>\n\n\n\n<p class=\"has-medium-font-size\"><strong>Formador y divulgador<\/strong><\/p>\n\n\n\n<p>Colaborador en Radio Castilla de Burgos (Cadena SER) con el espacio \u00abEn la punta de la lengua\u00bb desde septiembre de 2019.<\/p>\n\n\n\n<p>Colaborador en el programa interuniversitario de la Universidad de la Experiencia en la Universidad de Burgos.<\/p>\n\n\n\n<p>Imparto cursos de formaci\u00f3n a profesores de secundaria, a profesores de universidad y al personal de administraci\u00f3n y servicios de mi universidad sobre aspectos relacionados con las habilidades comunicativas, el uso de la lengua, la publicidad y las TIC.<\/p>\n\n\n\n<p class=\"has-medium-font-size\"><strong>Profesor de espa\u00f1ol para extranjeros<\/strong><\/p>\n\n\n\n<p>Imparto clases en el Centro Internacional del Espa\u00f1ol de la Universidad de Burgos para alumnos extranjeros e imparto talleres y jornadas de formaci\u00f3n para profesores de manera habitual.<\/p>\n\n\n\n<p class=\"has-medium-font-size\"><strong>Otras aficiones no relacionadas con el mundo acad\u00e9mico<\/strong><\/p>\n\n\n\n<p>Adem\u00e1s de las esperadas aficiones y devociones por la literatura, el cine, las series de televisi\u00f3n y la m\u00fasica, me siento inmensamente feliz cuando practico deporte: atletismo de fondo, nataci\u00f3n\u2026 Tambi\u00e9n intento estar al tanto de los nuevos modos y formas de comunicaci\u00f3n y de las TIC.<\/p>\n","protected":false},"excerpt":{"rendered":"<p>Docencia Profesor del \u00e1rea de Lengua Espa\u00f1ola en el Departamento de Filolog\u00eda en la Facultad de Humanidades y Comunicaci\u00f3n de la Universidad de Burgos. En el curso 2025-2026, imparto las siguientes asignaturas: GRADO EN ESPA\u00d1OL: LENGUA Y LITERATURA M\u00c1STER ONLINE EN ENSE\u00d1ANZA DEL ESPA\u00d1OL COMO LENGUA EXTRANJERA Investigaci\u00f3n Mis l\u00edneas de investigaci\u00f3n principales est\u00e1n relacionadas [&hellip;]<\/p>\n","protected":false},"author":1,"featured_media":0,"parent":0,"menu_order":0,"comment_status":"open","ping_status":"open","template":"","meta":{"jetpack_post_was_ever_published":false,"footnotes":""},"class_list":["post-31","page","type-page","status-publish","hentry"],"jetpack_sharing_enabled":true,"jetpack_shortlink":"https:\/\/wp.me\/P6eotf-v","_links":{"self":[{"href":"https:\/\/urbinavolant.com\/raulurbina\/index.php\/wp-json\/wp\/v2\/pages\/31","targetHints":{"allow":["GET"]}}],"collection":[{"href":"https:\/\/urbinavolant.com\/raulurbina\/index.php\/wp-json\/wp\/v2\/pages"}],"about":[{"href":"https:\/\/urbinavolant.com\/raulurbina\/index.php\/wp-json\/wp\/v2\/types\/page"}],"author":[{"embeddable":true,"href":"https:\/\/urbinavolant.com\/raulurbina\/index.php\/wp-json\/wp\/v2\/users\/1"}],"replies":[{"embeddable":true,"href":"https:\/\/urbinavolant.com\/raulurbina\/index.php\/wp-json\/wp\/v2\/comments?post=31"}],"version-history":[{"count":36,"href":"https:\/\/urbinavolant.com\/raulurbina\/index.php\/wp-json\/wp\/v2\/pages\/31\/revisions"}],"predecessor-version":[{"id":1620,"href":"https:\/\/urbinavolant.com\/raulurbina\/index.php\/wp-json\/wp\/v2\/pages\/31\/revisions\/1620"}],"wp:attachment":[{"href":"https:\/\/urbinavolant.com\/raulurbina\/index.php\/wp-json\/wp\/v2\/media?parent=31"}],"curies":[{"name":"wp","href":"https:\/\/api.w.org\/{rel}","templated":true}]}}