{"id":4505,"date":"2020-02-18T17:04:17","date_gmt":"2020-02-18T16:04:17","guid":{"rendered":"http:\/\/urbinavolant.com\/normayuso\/?page_id=4505"},"modified":"2020-02-19T12:54:35","modified_gmt":"2020-02-19T11:54:35","slug":"en-las-redes-sociales","status":"publish","type":"page","link":"https:\/\/urbinavolant.com\/normayuso\/en-las-redes-sociales\/","title":{"rendered":"En las redes sociales&#8230;"},"content":{"rendered":"\n<figure class=\"wp-block-embed-twitter wp-block-embed is-type-rich is-provider-twitter\"><div class=\"wp-block-embed__wrapper\">\nhttps:\/\/twitter.com\/nidoan\/status\/1093796110462828544\n<\/div><\/figure>\n\n\n\n<p><\/p>\n\n\n\n<figure class=\"wp-block-embed-twitter wp-block-embed is-type-rich is-provider-twitter\"><div class=\"wp-block-embed__wrapper\">\n<blockquote class=\"twitter-tweet\" data-width=\"550\" data-dnt=\"true\"><p lang=\"es\" dir=\"ltr\">C\u00f3mo explicar qu\u00e9 es la ling\u00fc\u00edstica a un normativista: igual que para el ge\u00f3logo no hay rocas que sean mejores o peores, para el ling\u00fcista no hay formas de hablar que sean mejores o peores. <a href=\"https:\/\/t.co\/Bo36X04mhp\">https:\/\/t.co\/Bo36X04mhp<\/a><\/p>&mdash; [e&#39;lena &#39;al\u03b2\u031ea\u027ee\u00f0 me&#39;\u029d\u031ea\u00f0\u031eo] (@lirondos) <a href=\"https:\/\/twitter.com\/lirondos\/status\/1015207701951975429?ref_src=twsrc%5Etfw\">July 6, 2018<\/a><\/blockquote><script async src=\"https:\/\/platform.twitter.com\/widgets.js\" charset=\"utf-8\"><\/script>\n<\/div><\/figure>\n\n\n\n<figure class=\"wp-block-embed-twitter wp-block-embed is-type-rich is-provider-twitter\"><div class=\"wp-block-embed__wrapper\">\n<blockquote class=\"twitter-tweet\" data-width=\"550\" data-dnt=\"true\"><p lang=\"es\" dir=\"ltr\"><a href=\"https:\/\/twitter.com\/hashtag\/RAEconsultas?src=hash&amp;ref_src=twsrc%5Etfw\">#RAEconsultas<\/a> S\u00ed, es un acortamiento de \u00abpor favor\u00bb y se debe escribir en una sola palabra: \u00abporfa\u00bb. V\u00e9ase <a href=\"https:\/\/t.co\/Wd6jKf7Ark\">https:\/\/t.co\/Wd6jKf7Ark<\/a><\/p>&mdash; RAE (@RAEinforma) <a href=\"https:\/\/twitter.com\/RAEinforma\/status\/1029676779198447616?ref_src=twsrc%5Etfw\">August 15, 2018<\/a><\/blockquote><script async src=\"https:\/\/platform.twitter.com\/widgets.js\" charset=\"utf-8\"><\/script>\n<\/div><\/figure>\n\n\n\n<figure class=\"wp-block-embed-twitter wp-block-embed is-type-rich is-provider-twitter\"><div class=\"wp-block-embed__wrapper\">\n<blockquote class=\"twitter-tweet\" data-width=\"550\" data-dnt=\"true\"><p lang=\"es\" dir=\"ltr\">En Espa\u00f1a se usa peyorativamente &quot;Nisu&quot; (ni su padre lo conoce) para referirse a productos de marca comercial no reconocida. Nos comentan que en Per\u00fa se usa &quot;Sinma&quot; (sin marca).<br>\u00bfExiste alguna otra variante en vuestras zonas?<a href=\"https:\/\/twitter.com\/hashtag\/PalabrasCuriosas?src=hash&amp;ref_src=twsrc%5Etfw\">#PalabrasCuriosas<\/a><\/p>&mdash; Ensalada de Palabras (@EnsaladaPalabra) <a href=\"https:\/\/twitter.com\/EnsaladaPalabra\/status\/1030500256167985154?ref_src=twsrc%5Etfw\">August 17, 2018<\/a><\/blockquote><script async src=\"https:\/\/platform.twitter.com\/widgets.js\" charset=\"utf-8\"><\/script>\n<\/div><\/figure>\n\n\n\n<figure class=\"wp-block-embed-twitter wp-block-embed is-type-rich is-provider-twitter\"><div class=\"wp-block-embed__wrapper\">\n<blockquote class=\"twitter-tweet\" data-width=\"550\" data-dnt=\"true\"><p lang=\"es\" dir=\"ltr\">Entre ayer y hoy <a href=\"https:\/\/twitter.com\/el_pais?ref_src=twsrc%5Etfw\">@el_pais<\/a> ha publicado \u00a14! art\u00edculos distintos alertando sobre la supuesta incompetencia ortogr\u00e1fica de &quot;los j\u00f3venes de hoy en d\u00eda&quot;.<\/p>&mdash; [e&#39;lena &#39;al\u03b2\u031ea\u027ee\u00f0 me&#39;\u029d\u031ea\u00f0\u031eo] (@lirondos) <a href=\"https:\/\/twitter.com\/lirondos\/status\/1060185106613223424?ref_src=twsrc%5Etfw\">November 7, 2018<\/a><\/blockquote><script async src=\"https:\/\/platform.twitter.com\/widgets.js\" charset=\"utf-8\"><\/script>\n<\/div><\/figure>\n\n\n\n<figure class=\"wp-block-embed-twitter wp-block-embed is-type-rich is-provider-twitter\"><div class=\"wp-block-embed__wrapper\">\n<blockquote class=\"twitter-tweet\" data-width=\"550\" data-dnt=\"true\"><p lang=\"es\" dir=\"ltr\">\u00abPorque, si no est\u00e1 en la RAE, no existe.\u00bb<br><br>Pero, vamos a ver, esto no tiene sentido alguno en el a\u00f1o, el mundo y el estado de la ling\u00fc\u00edstica en que estamos. Parece que la RAE, con su nueva estrategia empresarial-brandera, no solo no avanza sino que va a peor. <a href=\"https:\/\/t.co\/j4KKOzPxNV\">https:\/\/t.co\/j4KKOzPxNV<\/a><\/p>&mdash; Sandra Ladandra (@loverofthesigh) <a href=\"https:\/\/twitter.com\/loverofthesigh\/status\/1204418274517114881?ref_src=twsrc%5Etfw\">December 10, 2019<\/a><\/blockquote><script async src=\"https:\/\/platform.twitter.com\/widgets.js\" charset=\"utf-8\"><\/script>\n<\/div><\/figure>\n\n\n\n<figure class=\"wp-block-embed-twitter wp-block-embed is-type-rich is-provider-twitter\"><div class=\"wp-block-embed__wrapper\">\n<blockquote class=\"twitter-tweet\" data-width=\"550\" data-dnt=\"true\"><p lang=\"es\" dir=\"ltr\">No soy yo sospechosa de defender a la RAE, pero con lo del &quot;consejo de ministras&quot; no s\u00e9 si estamos perdiendo un poco el norte.<br>&#8211; Los hablantes pueden usarlo si quieren.<br>&#8211; Es razonable que la RAE no lo avale. <br>Ambas cosas son compatibles y eso no hace machista a la RAE, creo.<\/p>&mdash; [e&#39;lena &#39;al\u03b2\u031ea\u027ee\u00f0 me&#39;\u029d\u031ea\u00f0\u031eo] (@lirondos) <a href=\"https:\/\/twitter.com\/lirondos\/status\/1217924592095895552?ref_src=twsrc%5Etfw\">January 16, 2020<\/a><\/blockquote><script async src=\"https:\/\/platform.twitter.com\/widgets.js\" charset=\"utf-8\"><\/script>\n<\/div><\/figure>\n\n\n\n<figure class=\"wp-block-embed-twitter wp-block-embed is-type-rich is-provider-twitter\"><div class=\"wp-block-embed__wrapper\">\n<blockquote class=\"twitter-tweet\" data-width=\"550\" data-dnt=\"true\"><p lang=\"es\" dir=\"ltr\">\u00bfPor qu\u00e9 no se acepta lo de \u00abConsejo de Ministras\u00bb, pero s\u00ed \u00abesp\u00f3iler\u00bb, \u00abpresidenta\u00bb o el uso de \u00abbizarro\u00bb como &#39;raro&#39;?<br><br>Porque los cambios ling\u00fc\u00edsticos son de distinta naturaleza.<br><br>A ver si esto consigue aclarar algo: <a href=\"https:\/\/t.co\/0ZmQ05oHwt\">pic.twitter.com\/0ZmQ05oHwt<\/a><\/p>&mdash; Juan Romeu (@juanromeux) <a href=\"https:\/\/twitter.com\/juanromeux\/status\/1217526065037484033?ref_src=twsrc%5Etfw\">January 15, 2020<\/a><\/blockquote><script async src=\"https:\/\/platform.twitter.com\/widgets.js\" charset=\"utf-8\"><\/script>\n<\/div><\/figure>\n\n\n\n<figure class=\"wp-block-embed-twitter wp-block-embed is-type-rich is-provider-twitter\"><div class=\"wp-block-embed__wrapper\">\n<blockquote class=\"twitter-tweet\" data-width=\"550\" data-dnt=\"true\"><p lang=\"es\" dir=\"ltr\">Para cerrar el tema del castellano de Miquel Montoro quiero desmentir el concepto de \u00abbiling\u00fcismo\u00bb que tienen muchas personas. As\u00ed que abro hilo: <a href=\"https:\/\/t.co\/k3tqCfHQHp\">pic.twitter.com\/k3tqCfHQHp<\/a><\/p>&mdash; Adv\u00c9timo #Oficialid\u00e1\u23f3 (@advetimo) <a href=\"https:\/\/twitter.com\/advetimo\/status\/1225124943534469121?ref_src=twsrc%5Etfw\">February 5, 2020<\/a><\/blockquote><script async src=\"https:\/\/platform.twitter.com\/widgets.js\" charset=\"utf-8\"><\/script>\n<\/div><\/figure>\n\n\n\n<figure class=\"wp-block-embed-twitter wp-block-embed is-type-rich is-provider-twitter\"><div class=\"wp-block-embed__wrapper\">\n<blockquote class=\"twitter-tweet\" data-width=\"550\" data-dnt=\"true\"><p lang=\"en\" dir=\"ltr\">Totally agree. <a href=\"https:\/\/t.co\/pWRpcomF7o\">pic.twitter.com\/pWRpcomF7o<\/a><\/p>&mdash; Rob Drummond (@RobDrummond) <a href=\"https:\/\/twitter.com\/RobDrummond\/status\/1226451395286622208?ref_src=twsrc%5Etfw\">February 9, 2020<\/a><\/blockquote><script async src=\"https:\/\/platform.twitter.com\/widgets.js\" charset=\"utf-8\"><\/script>\n<\/div><\/figure>\n\n\n\n<figure class=\"wp-block-embed-twitter wp-block-embed is-type-rich is-provider-twitter\"><div class=\"wp-block-embed__wrapper\">\n<blockquote class=\"twitter-tweet\" data-width=\"550\" data-dnt=\"true\"><p lang=\"es\" dir=\"ltr\">A la primera acepci\u00f3n del DLE, que es el diccionario serio. No me haga usted perder el tiempo con sus ignorancias y las de otros. Si es tan amable.<a href=\"https:\/\/t.co\/mWPrerh03g\">https:\/\/t.co\/mWPrerh03g<\/a><\/p>&mdash; Arturo P\u00e9rez-Reverte (@perezreverte) <a href=\"https:\/\/twitter.com\/perezreverte\/status\/1229089103171420160?ref_src=twsrc%5Etfw\">February 16, 2020<\/a><\/blockquote><script async src=\"https:\/\/platform.twitter.com\/widgets.js\" charset=\"utf-8\"><\/script>\n<\/div><\/figure>\n\n\n\n<figure class=\"wp-block-embed-twitter wp-block-embed is-type-rich is-provider-twitter\"><div class=\"wp-block-embed__wrapper\">\n<blockquote class=\"twitter-tweet\" data-width=\"550\" data-dnt=\"true\"><p lang=\"es\" dir=\"ltr\"><a href=\"https:\/\/twitter.com\/RAEinforma?ref_src=twsrc%5Etfw\">@RAEinforma<\/a> <a href=\"https:\/\/twitter.com\/hashtag\/dudaRAE?src=hash&amp;ref_src=twsrc%5Etfw\">#dudaRAE<\/a> un amigo y yo nos pregunt\u00e1bamos si la expresi\u00f3n \u00absubir para arriba\u00bb o \u00abbajar para abajo\u00bb era un pleonasmo o un barbarismo les agradezco su atenci\u00f3n, lindo d\u00eda!<\/p>&mdash; Lewis Ozar (@LewisOzar_) <a href=\"https:\/\/twitter.com\/LewisOzar_\/status\/1229991901681606658?ref_src=twsrc%5Etfw\">February 19, 2020<\/a><\/blockquote><script async src=\"https:\/\/platform.twitter.com\/widgets.js\" charset=\"utf-8\"><\/script>\n<\/div><\/figure>\n","protected":false},"excerpt":{"rendered":"","protected":false},"author":1,"featured_media":0,"parent":0,"menu_order":0,"comment_status":"closed","ping_status":"closed","template":"","meta":[],"_links":{"self":[{"href":"https:\/\/urbinavolant.com\/normayuso\/wp-json\/wp\/v2\/pages\/4505"}],"collection":[{"href":"https:\/\/urbinavolant.com\/normayuso\/wp-json\/wp\/v2\/pages"}],"about":[{"href":"https:\/\/urbinavolant.com\/normayuso\/wp-json\/wp\/v2\/types\/page"}],"author":[{"embeddable":true,"href":"https:\/\/urbinavolant.com\/normayuso\/wp-json\/wp\/v2\/users\/1"}],"replies":[{"embeddable":true,"href":"https:\/\/urbinavolant.com\/normayuso\/wp-json\/wp\/v2\/comments?post=4505"}],"version-history":[{"count":14,"href":"https:\/\/urbinavolant.com\/normayuso\/wp-json\/wp\/v2\/pages\/4505\/revisions"}],"predecessor-version":[{"id":4549,"href":"https:\/\/urbinavolant.com\/normayuso\/wp-json\/wp\/v2\/pages\/4505\/revisions\/4549"}],"wp:attachment":[{"href":"https:\/\/urbinavolant.com\/normayuso\/wp-json\/wp\/v2\/media?parent=4505"}],"curies":[{"name":"wp","href":"https:\/\/api.w.org\/{rel}","templated":true}]}}