{"id":3603,"date":"2016-02-07T19:15:01","date_gmt":"2016-02-07T18:15:01","guid":{"rendered":"http:\/\/urbinavolant.com\/normayuso\/?page_id=3603"},"modified":"2020-02-19T12:17:33","modified_gmt":"2020-02-19T11:17:33","slug":"guion-de-la-asignatura","status":"publish","type":"page","link":"https:\/\/urbinavolant.com\/normayuso\/guion-de-la-asignatura\/","title":{"rendered":"Guion de la asignatura"},"content":{"rendered":"\n<figure class=\"wp-block-image\"><a href=\"https:\/\/flic.kr\/p\/aatVJp\" rel=\"attachment wp-att-3691\"><img decoding=\"async\" loading=\"lazy\" width=\"640\" height=\"469\" src=\"http:\/\/urbinavolant.com\/normayuso\/wp-content\/uploads\/2016\/02\/6014508151_040066cb89_z.jpg\" alt=\"Punto de destino\" class=\"wp-image-3691\" srcset=\"https:\/\/urbinavolant.com\/normayuso\/wp-content\/uploads\/2016\/02\/6014508151_040066cb89_z.jpg 640w, https:\/\/urbinavolant.com\/normayuso\/wp-content\/uploads\/2016\/02\/6014508151_040066cb89_z-300x220.jpg 300w\" sizes=\"(max-width: 640px) 85vw, 640px\" \/><\/a><\/figure>\n\n\n\n<p>Siempre podr\u00e1s utilizar esta p\u00e1gina como peque\u00f1a gu\u00eda de la asignatura.<\/p>\n\n\n\n<h3>Norma y uso del espa\u00f1ol<\/h3>\n\n\n\n<p class=\"has-medium-font-size\">Aspectos introductorios<\/p>\n\n\n\n<ol><li><a rel=\"noreferrer noopener\" aria-label=\" (opens in a new tab)\" href=\"http:\/\/ubuvirtual.ubu.es\/mod\/guiadocente\/get_guiadocente.php?asignatura=5423_online&amp;cursoacademico=2018\" target=\"_blank\">Gu\u00eda docente de la asignatura<\/a>.<\/li><li><a href=\"http:\/\/\">Cuestionario inicial<\/a>.<\/li><li><a rel=\"noreferrer noopener\" aria-label=\" (opens in a new tab)\" href=\"https:\/\/urbinavolant.com\/normayuso\/2011\/05\/02\/la-pragmatica-bibliografia-breve\/\" target=\"_blank\">Bibliograf\u00eda general sobre norma y uso del espa\u00f1ol<\/a>.<\/li><li><a href=\"https:\/\/urbinavolant.com\/normayuso\/2019\/01\/29\/norma-uso-y-pretty-woman\/\">Norma, uso y <\/a><em><a href=\"https:\/\/urbinavolant.com\/normayuso\/2019\/01\/29\/norma-uso-y-pretty-woman\/\">Pretty Woman<\/a><\/em>.<\/li><li><a href=\"https:\/\/twitter.com\/MiguelGV96\/status\/1090704570920112128\">Norma y \u00abantinorma\u00bb en la RAE<\/a>.<\/li><li><a href=\"https:\/\/urbinavolant.com\/normayuso\/2019\/02\/05\/reflexiones-de-rob-drummond\/\">Reflexiones de Rob Drummond<\/a>.<\/li><li><a href=\"https:\/\/urbinavolant.com\/normayuso\/2019\/02\/10\/elitismo-linguistico-y-hablismo\/\">Elitismo ling\u00fc\u00edstico y \u00abhablismo\u00bb<\/a>.<\/li><li><a rel=\"noreferrer noopener\" aria-label=\"Charla entre Elena \u00c1lvarez Mellado y Elena Hern\u00e1ndez G\u00f3mez (opens in a new tab)\" href=\"https:\/\/urbinavolant.com\/normayuso\/2019\/04\/26\/charla-con-elena-alvarez-mellado-y-elena-hernandez-gomez\/\" target=\"_blank\">Charla entre Elena \u00c1lvarez Mellado y Elena Hern\u00e1ndez G\u00f3mez<\/a>.<\/li><\/ol>\n\n\n\n<p class=\"has-medium-font-size\">Materiales varios<\/p>\n\n\n\n<ol><li>Un cl\u00e1sico: <a href=\"http:\/\/humanidades-digitales.fhuce.edu.uy\/files\/original\/e12bdca6b017f12956e3228e9fe19171.PDF\">\u00abSistema, norma y habla\u00bb<\/a> de Eugenio Coseriu.<\/li><li><a href=\"https:\/\/urbinavolant.com\/normayuso\/2019\/02\/05\/que-es-la-correccion\/\">\u00bfQu\u00e9 es la correcci\u00f3n?<\/a><\/li><li><a href=\"https:\/\/urbinavolant.com\/normayuso\/2019\/02\/07\/es-posible-otra-manera-de-establecer-la-norma\/\">\u00bfEs posible otra manera de establecer la norma?<\/a><\/li><li><a rel=\"noreferrer noopener\" aria-label=\"&quot;La lengua que me hizo ser yo&quot; (opens in a new tab)\" href=\"https:\/\/t.co\/nP03TwwRmP\" target=\"_blank\">\u00abLa lengua que me hizo ser yo\u00bb<\/a>, de Mamen Horno.<\/li><li>Los inicios del normativismo: el <em><a rel=\"noreferrer noopener\" aria-label=\"Appendix Probi (opens in a new tab)\" href=\"https:\/\/es.m.wikipedia.org\/wiki\/Appendix_Probi\" target=\"_blank\">Appendix Probi<\/a><\/em>.<\/li><li><a rel=\"noreferrer noopener\" aria-label=\"&quot;De ser una \u00a1grammar nazi' tambi\u00e9n se sale&quot; (opens in a new tab)\" href=\"https:\/\/www.archiletras.com\/firma\/grammar-nazi-se-sale\/\" target=\"_blank\">\u00abDe ser una \u00a1grammar nazi&#8217; tambi\u00e9n se sale\u00bb<\/a>, de Elena \u00c1lvarez Mellado (2018).<\/li><li><a rel=\"noreferrer noopener\" aria-label=\"&quot;El mito de la Gram\u00e1tica: \u00bfpara qu\u00e9 sirve un ling\u00fcista?&quot; (opens in a new tab)\" href=\"https:\/\/www.letraslibres.com\/espana-mexico\/cultura\/el-mito-la-gramatica-que-sirve-un-linguista\" target=\"_blank\">\u00abEl mito de la Gram\u00e1tica: \u00bfpara qu\u00e9 sirve un ling\u00fcista?\u00bb<\/a>, de Mamen Horno (2019).<\/li><li><a rel=\"noreferrer noopener\" aria-label=\"Pedro \u00c1lvarez de Miranda: &quot;Hay poco margen para la rebeld\u00eda en el idioma&quot; (opens in a new tab)\" href=\"https:\/\/www.elmundo.es\/cultura\/2020\/01\/11\/5e18af4921efa01c6b8b461d.html\" target=\"_blank\">Pedro \u00c1lvarez de Miranda: \u00abHay poco margen para la rebeld\u00eda en el idioma\u00bb<\/a> (2019).<\/li><li><a rel=\"noreferrer noopener\" aria-label=\"&quot;Vox pide pruebas de nivel de castellano para garantizar que todos los espa\u00f1oles lo hablan bien&quot; (opens in a new tab)\" href=\"https:\/\/www.lavanguardia.com\/politica\/20200216\/473594438557\/vox-pruebas-nivel-castellano-espanoles-hablan-bien.html\" target=\"_blank\">\u00abVox pide pruebas de nivel de castellano para garantizar que todos los espa\u00f1oles lo hablan bien\u00bb<\/a> (2020).<\/li><li><a href=\"https:\/\/www.eldiario.es\/andalucia\/lacajanegra\/cuando-andaluces-quitan-complejos-habla_0_996700918.html\" target=\"_blank\" rel=\"noreferrer noopener\" aria-label=\"&quot;No ni n\u00e1&quot;: una campa\u00f1a que reivindica el uso sin complejos de las &quot;hablas andaluzas (opens in a new tab)\">\u00abNo ni n\u00e1\u00bb: una campa\u00f1a que reivindica el uso sin complejos de las \u00abhablas andaluzas<\/a> (2020).<\/li><\/ol>\n\n\n\n<p class=\"has-medium-font-size\">Ortograf\u00eda<\/p>\n\n\n\n<ol><li><a rel=\"noreferrer noopener\" aria-label=\"La ortograf\u00eda de la RAE (OLE10) (opens in a new tab)\" href=\"https:\/\/urbinavolant.com\/normayuso\/2019\/03\/07\/la-ortografia-de-la-rae-ole10\/\" target=\"_blank\">La ortograf\u00eda de la RAE (OLE10)<\/a>.<\/li><li><a rel=\"noreferrer noopener\" aria-label=\"&quot;Solo con tilde&quot; (opens in a new tab)\" href=\"https:\/\/medium.com\/@jaimerubio\/solo-con-tilde-a686f4afc174\" target=\"_blank\">\u00abSolo con tilde\u00bb<\/a>, de Jaime Rubio (2018).<\/li><li><a href=\"https:\/\/www.elconfidencial.com\/alma-corazon-vida\/2018-08-07\/comas-bien-asesino-pillado-detenido-faltas-ortografia_1601863\/\" target=\"_blank\" rel=\"noreferrer noopener\" aria-label=\"&quot;Pon las comas bien: el asesino que ha sido descubierto por sus faltas de ortograf\u00eda&quot; (opens in a new tab)\">\u00abPon las comas bien: el asesino que ha sido descubierto por sus faltas de ortograf\u00eda\u00bb<\/a> (2018).<\/li><\/ol>\n\n\n\n<p class=\"has-medium-font-size\">Sobre sexismo ling\u00fc\u00edstico y lenguaje inclusivo<\/p>\n\n\n\n<ol><li><a rel=\"noreferrer noopener\" aria-label=\"Tres ling\u00fcistas sobre el lenguaje inclusivo (opens in a new tab)\" href=\"https:\/\/www.elconfidencial.com\/cultura\/2020-01-28\/rae-lenguaje-inclusivo-carmen-calvo_2429760\/\" target=\"_blank\">Tres ling\u00fcistas sobre el lenguaje inclusivo<\/a> (2020).<\/li><li><a rel=\"noreferrer noopener\" aria-label=\"V\u00eddeo de la UNED en RTVE sobre sexismo en el lenguaje (opens in a new tab)\" href=\"http:\/\/UNED - 20\/09\/19 - RTVE.es http:\/\/www.rtve.es\/v\/5392010 v\u00eda @rtve\" target=\"_blank\">V\u00eddeo de la UNED en RTVE sobre sexismo en el lenguaje<\/a> (20-9-2019).<\/li><li><a rel=\"noreferrer noopener\" aria-label=\"&quot;\u00bfUna constituci\u00f3n &quot;big\u00e9nero?&quot; (opens in a new tab)\" href=\"https:\/\/elpais.com\/elpais\/2018\/07\/19\/opinion\/1532016490_743662.html\" target=\"_blank\">\u00ab\u00bfUna constituci\u00f3n \u00abbig\u00e9nero?\u00bb<\/a>, de Pedro \u00c1lvarez de Miranda.<\/li><li><a rel=\"noreferrer noopener\" aria-label=\"&quot;El uso del masculino universal desde una perspectiva extranjera&quot; (opens in a new tab)\" href=\"https:\/\/www.ileon.com\/opinion\/088413\/-el-uso-del-masculino-universal-desde-una-perspectiva-extranjera-si-la-gramatica-puede-ser-machista\" target=\"_blank\">\u00abEl uso del masculino universal desde una perspectiva extranjera\u00bb<\/a>, de Clara Herv\u00e1s (2018).<\/li><li><a rel=\"noreferrer noopener\" aria-label=\"&quot;Lo sentimos, pero el lenguaje tambi\u00e9n es nuestro&quot; (opens in a new tab)\" href=\"https:\/\/www.eldiario.es\/clm\/palabras-clave\/sentimos-lenguaje_6_801479855.html\" target=\"_blank\">\u00abLo sentimos, pero el lenguaje tambi\u00e9n es nuestro\u00bb<\/a>, de Mar\u00eda P\u00e9rez (2018).<\/li><li><a rel=\"noreferrer noopener\" aria-label=\"&quot;\u00bfInvisibiliza nuestra lengua a la mujer&quot; (opens in a new tab)\" href=\"https:\/\/elpais.com\/cultura\/2018\/11\/28\/actualidad\/1543418937_639835.html\" target=\"_blank\">\u00ab\u00bfInvisibiliza nuestra lengua a la mujer\u00bb<\/a>, de \u00c1lex Grijelmo (2018).<\/li><\/ol>\n\n\n\n<p class=\"has-medium-font-size\">En las redes sociales&#8230;<\/p>\n\n\n\n<p><a href=\"https:\/\/urbinavolant.com\/normayuso\/en-las-redes-sociales\/\" target=\"_blank\" rel=\"noopener noreferrer\">Enlace a elementos que aparecen en las redes sociales con observaciones, discusiones, etc. relacionadas con la asignatura<\/a>.<\/p>\n\n\n\n<p class=\"has-medium-font-size\">V\u00eddeos<\/p>\n\n\n\n<p><a rel=\"noreferrer noopener\" aria-label=\" (opens in a new tab)\" href=\"https:\/\/urbinavolant.com\/normayuso\/videos\/\" target=\"_blank\">Enlace a v\u00eddeos que tienen relaci\u00f3n con la asignatura<\/a>.<\/p>\n","protected":false},"excerpt":{"rendered":"<p>Siempre podr\u00e1s utilizar esta p\u00e1gina como peque\u00f1a gu\u00eda de la asignatura. Norma y uso del espa\u00f1ol Aspectos introductorios Gu\u00eda docente de la asignatura. Cuestionario inicial. Bibliograf\u00eda general sobre norma y uso del espa\u00f1ol. Norma, uso y Pretty Woman. Norma y \u00abantinorma\u00bb en la RAE. Reflexiones de Rob Drummond. Elitismo ling\u00fc\u00edstico y \u00abhablismo\u00bb. Charla entre Elena &hellip; <a href=\"https:\/\/urbinavolant.com\/normayuso\/guion-de-la-asignatura\/\" class=\"more-link\">Continuar leyendo<span class=\"screen-reader-text\"> \u00abGuion de la asignatura\u00bb<\/span><\/a><\/p>\n","protected":false},"author":1,"featured_media":0,"parent":0,"menu_order":0,"comment_status":"closed","ping_status":"closed","template":"","meta":[],"_links":{"self":[{"href":"https:\/\/urbinavolant.com\/normayuso\/wp-json\/wp\/v2\/pages\/3603"}],"collection":[{"href":"https:\/\/urbinavolant.com\/normayuso\/wp-json\/wp\/v2\/pages"}],"about":[{"href":"https:\/\/urbinavolant.com\/normayuso\/wp-json\/wp\/v2\/types\/page"}],"author":[{"embeddable":true,"href":"https:\/\/urbinavolant.com\/normayuso\/wp-json\/wp\/v2\/users\/1"}],"replies":[{"embeddable":true,"href":"https:\/\/urbinavolant.com\/normayuso\/wp-json\/wp\/v2\/comments?post=3603"}],"version-history":[{"count":106,"href":"https:\/\/urbinavolant.com\/normayuso\/wp-json\/wp\/v2\/pages\/3603\/revisions"}],"predecessor-version":[{"id":4542,"href":"https:\/\/urbinavolant.com\/normayuso\/wp-json\/wp\/v2\/pages\/3603\/revisions\/4542"}],"wp:attachment":[{"href":"https:\/\/urbinavolant.com\/normayuso\/wp-json\/wp\/v2\/media?parent=3603"}],"curies":[{"name":"wp","href":"https:\/\/api.w.org\/{rel}","templated":true}]}}