{"id":3596,"date":"2016-02-07T09:46:27","date_gmt":"2016-02-07T09:46:27","guid":{"rendered":"http:\/\/urbinavolant.com\/normayuso\/?page_id=3596"},"modified":"2019-01-09T13:01:56","modified_gmt":"2019-01-09T12:01:56","slug":"inicio","status":"publish","type":"page","link":"https:\/\/urbinavolant.com\/normayuso\/","title":{"rendered":"Inicio"},"content":{"rendered":"\n<p>Bienvenidos a la asignatura de \u00abNorma y uso\u00bb del Grado en Espa\u00f1ol de la Universidad de Burgos, impartida por <a href=\"http:\/\/urbinavolant.com\/raulurbina\/\" target=\"_blank\" rel=\"noreferrer noopener\">Ra\u00fal Urbina Fonturbel<\/a>.<\/p>\n\n\n\n<p>Esta web es un complemento a la p\u00e1gina oficial de UBUvirtual donde se tiene acceso a las pr\u00e1cticas, calificaciones, etc.&nbsp;<\/p>\n\n\n\n<p>Nos gustan mucho las redes sociales y creemos que es importante que nuestro trabajo no quede restringido al \u00e1mbito de la clase, por lo que os invito a participar en Twitter con la etiqueta <a href=\"https:\/\/twitter.com\/hashtag\/normayuso\" target=\"_blank\" rel=\"noreferrer noopener\">#NormaUso<\/a><a href=\"https:\/\/twitter.com\/hashtag\/normayuso\" target=\"_blank\" rel=\"noreferrer noopener\">UBU<\/a>.<\/p>\n\n\n\n<figure class=\"wp-block-image\"><img decoding=\"async\" loading=\"lazy\" width=\"1024\" height=\"768\" src=\"http:\/\/urbinavolant.com\/normayuso\/wp-content\/uploads\/2019\/01\/normayuso-1024x768.png\" alt=\"\" class=\"wp-image-4368\" srcset=\"https:\/\/urbinavolant.com\/normayuso\/wp-content\/uploads\/2019\/01\/normayuso.png 1024w, https:\/\/urbinavolant.com\/normayuso\/wp-content\/uploads\/2019\/01\/normayuso-300x225.png 300w, https:\/\/urbinavolant.com\/normayuso\/wp-content\/uploads\/2019\/01\/normayuso-768x576.png 768w\" sizes=\"(max-width: 709px) 85vw, (max-width: 909px) 67vw, (max-width: 1362px) 62vw, 840px\" \/><\/figure>\n\n\n\n<p>Partimos de varios presupuestos que condicionan (y estimulan) nuestro proceso de ense\u00f1anza-aprendizaje.<\/p>\n\n\n\n<ul><li>La dimensi\u00f3n del aprendizaje no ha de ser solo vertical, del profesor hacia sus alumnos. Tambi\u00e9n ha de ser vertical en el sentido inverso, de los alumnos hacia el profesor, y horizontal, utilizando todas las estrategias del aprendizaje colaborativo.<\/li><li>Las pr\u00e1cticas no pueden ser solamente un componente anecd\u00f3tico dentro del aprendizaje, sino que, para que el aprendizaje sea aut\u00e9nticamente significativo, tienen que erigirse en uno de los pilares de construcci\u00f3n de conocimiento.<\/li><\/ul>\n","protected":false},"excerpt":{"rendered":"<p>Bienvenidos a la asignatura de \u00abNorma y uso\u00bb del Grado en Espa\u00f1ol de la Universidad de Burgos, impartida por Ra\u00fal Urbina Fonturbel. Esta web es un complemento a la p\u00e1gina oficial de UBUvirtual donde se tiene acceso a las pr\u00e1cticas, calificaciones, etc.&nbsp; Nos gustan mucho las redes sociales y creemos que es importante que nuestro &hellip; <a href=\"https:\/\/urbinavolant.com\/normayuso\/\" class=\"more-link\">Continuar leyendo<span class=\"screen-reader-text\"> \u00abInicio\u00bb<\/span><\/a><\/p>\n","protected":false},"author":1,"featured_media":0,"parent":0,"menu_order":0,"comment_status":"closed","ping_status":"closed","template":"","meta":[],"_links":{"self":[{"href":"https:\/\/urbinavolant.com\/normayuso\/wp-json\/wp\/v2\/pages\/3596"}],"collection":[{"href":"https:\/\/urbinavolant.com\/normayuso\/wp-json\/wp\/v2\/pages"}],"about":[{"href":"https:\/\/urbinavolant.com\/normayuso\/wp-json\/wp\/v2\/types\/page"}],"author":[{"embeddable":true,"href":"https:\/\/urbinavolant.com\/normayuso\/wp-json\/wp\/v2\/users\/1"}],"replies":[{"embeddable":true,"href":"https:\/\/urbinavolant.com\/normayuso\/wp-json\/wp\/v2\/comments?post=3596"}],"version-history":[{"count":15,"href":"https:\/\/urbinavolant.com\/normayuso\/wp-json\/wp\/v2\/pages\/3596\/revisions"}],"predecessor-version":[{"id":4375,"href":"https:\/\/urbinavolant.com\/normayuso\/wp-json\/wp\/v2\/pages\/3596\/revisions\/4375"}],"wp:attachment":[{"href":"https:\/\/urbinavolant.com\/normayuso\/wp-json\/wp\/v2\/media?parent=3596"}],"curies":[{"name":"wp","href":"https:\/\/api.w.org\/{rel}","templated":true}]}}