{"id":32,"date":"2015-05-21T16:52:39","date_gmt":"2015-05-21T14:52:39","guid":{"rendered":"http:\/\/urbinavolant.com\/blogsytwitter\/?page_id=32"},"modified":"2016-05-07T11:25:58","modified_gmt":"2016-05-07T09:25:58","slug":"inicio","status":"publish","type":"page","link":"https:\/\/urbinavolant.com\/blogsytwitter\/","title":{"rendered":"Inicio"},"content":{"rendered":"<h2 id=\"page-title\" class=\"page__title title\">M1E &#8211; La Utilizaci\u00f3n de los Blogs y del <em>Microblogging<\/em> en el \u00c1mbito Educativo. WordPress y Twitter<\/h2>\n<p style=\"text-align: center;\"><a href=\"http:\/\/urbinavolant.com\/blogsytwitter\/wp-content\/uploads\/2015\/06\/twitter-wordpress.png\"><img loading=\"lazy\" decoding=\"async\" class=\"alignnone size-full wp-image-237\" src=\"http:\/\/urbinavolant.com\/blogsytwitter\/wp-content\/uploads\/2015\/06\/twitter-wordpress.png\" alt=\"twitter-wordpress\" width=\"621\" height=\"295\" srcset=\"https:\/\/urbinavolant.com\/blogsytwitter\/wp-content\/uploads\/2015\/06\/twitter-wordpress.png 621w, https:\/\/urbinavolant.com\/blogsytwitter\/wp-content\/uploads\/2015\/06\/twitter-wordpress-300x143.png 300w\" sizes=\"auto, (max-width: 621px) 100vw, 621px\" \/><\/a><\/p>\n<div class=\"clear-both\" style=\"text-align: justify;\"><a href=\"http:\/\/wwww.ubu.es\/instituto-de-formacion-e-innovacion-educativa\/plan-de-formacion-para-la-ensenanza-virtual-pfev\" target=\"_blank\">Plan de Formaci\u00f3n para la ense\u00f1anza virtual<\/a> (PFEV), del<a href=\"http:\/\/wwww.ubu.es\/instituto-de-formacion-e-innovacion-educativa\" target=\"_blank\"> Instituto de Formaci\u00f3n e Innovaci\u00f3n Educativa<\/a> de la Universidad de Burgos<\/div>\n<article class=\"node-18201 node node-portal-page view-mode-full\">\n<div class=\"node-content\">\n<div class=\"field field-name-field-introduction field-type-text-with-summary field-label-hidden\">\n<div class=\"field-items\">\n<div class=\"field-item even\">\n<p class=\"align-justify\"><strong>Introducci\u00f3n<\/strong><\/p>\n<p class=\"align-justify\" style=\"text-align: justify;\">En este curso aprenderemos a trabajar con herramientas que nos sean de utilidad\u00a0 para elaborar, compartir y difundir contenidos, as\u00ed como para dise\u00f1ar nuevas estrategias de trabajo en clase con nuestro alumnado.<\/p>\n<p class=\"align-justify\" style=\"text-align: justify;\">Los blogs y herramientas de microblogging como Twitter van a permitir que nuestro trabajo tenga una mayor visibilidad y, adem\u00e1s, hacen posible trabajar de modo diferente en las pr\u00e1cticas y las actividades de clase.<\/p>\n<p class=\"align-justify\" style=\"text-align: justify;\">Formadores<\/p>\n<ul>\n<li class=\"align-justify\" style=\"text-align: justify;\"><strong><a href=\"https:\/\/about.me\/vdelgadobenito\" target=\"_blank\">Vanesa Delgado Benito<\/a><\/strong>. Profesora del \u00e1rea de Did\u00e1ctica y Organizaci\u00f3n Escolar de la Universidad de Burgos. <a href=\"https:\/\/twitter.com\/vdbenito\">@vdbenito<\/a><\/li>\n<li class=\"align-justify\" style=\"text-align: justify;\"><a href=\"http:\/\/urbinavolant.com\/raulurbina\/\" target=\"_blank\"><strong>Ra\u00fal Urbina Fonturbel<\/strong><\/a>. Profesor del \u00e1rea de Lengua Espa\u00f1ola de la Universidad de Burgos. <a href=\"https:\/\/twitter.com\/verbavolant\" target=\"_blank\">@verbavolant<\/a><\/li>\n<\/ul>\n<p><a href=\"http:\/\/urbinavolant.com\/blogsytwitter\/index.php\/programa-del-curso\/\" target=\"_blank\">Programa del curso<\/a>\u00a0(pincha <a href=\"http:\/\/urbinavolant.com\/blogsytwitter\/wp-content\/uploads\/2015\/05\/Programa-Blogs-y-Twitter.pdf\" target=\"_blank\">aqu\u00ed<\/a> para descargarlo en PDF)<\/p>\n<\/div>\n<\/div>\n<\/div>\n<\/div>\n<\/article>\n","protected":false},"excerpt":{"rendered":"<p>M1E &#8211; La Utilizaci\u00f3n de los Blogs y del Microblogging en el \u00c1mbito Educativo. WordPress y Twitter Plan de Formaci\u00f3n para la ense\u00f1anza virtual (PFEV), del Instituto de Formaci\u00f3n e Innovaci\u00f3n Educativa de la Universidad de Burgos Introducci\u00f3n En este curso aprenderemos a trabajar con herramientas que nos sean de utilidad\u00a0 para elaborar, compartir y &hellip; <a href=\"https:\/\/urbinavolant.com\/blogsytwitter\/\" class=\"more-link\">Seguir leyendo <span class=\"screen-reader-text\">Inicio<\/span> <span class=\"meta-nav\">&rarr;<\/span><\/a><\/p>\n","protected":false},"author":1,"featured_media":0,"parent":0,"menu_order":0,"comment_status":"closed","ping_status":"closed","template":"","meta":{"footnotes":""},"class_list":["post-32","page","type-page","status-publish","hentry"],"_links":{"self":[{"href":"https:\/\/urbinavolant.com\/blogsytwitter\/index.php\/wp-json\/wp\/v2\/pages\/32","targetHints":{"allow":["GET"]}}],"collection":[{"href":"https:\/\/urbinavolant.com\/blogsytwitter\/index.php\/wp-json\/wp\/v2\/pages"}],"about":[{"href":"https:\/\/urbinavolant.com\/blogsytwitter\/index.php\/wp-json\/wp\/v2\/types\/page"}],"author":[{"embeddable":true,"href":"https:\/\/urbinavolant.com\/blogsytwitter\/index.php\/wp-json\/wp\/v2\/users\/1"}],"replies":[{"embeddable":true,"href":"https:\/\/urbinavolant.com\/blogsytwitter\/index.php\/wp-json\/wp\/v2\/comments?post=32"}],"version-history":[{"count":13,"href":"https:\/\/urbinavolant.com\/blogsytwitter\/index.php\/wp-json\/wp\/v2\/pages\/32\/revisions"}],"predecessor-version":[{"id":410,"href":"https:\/\/urbinavolant.com\/blogsytwitter\/index.php\/wp-json\/wp\/v2\/pages\/32\/revisions\/410"}],"wp:attachment":[{"href":"https:\/\/urbinavolant.com\/blogsytwitter\/index.php\/wp-json\/wp\/v2\/media?parent=32"}],"curies":[{"name":"wp","href":"https:\/\/api.w.org\/{rel}","templated":true}]}}