{"id":298,"date":"2015-06-04T21:07:55","date_gmt":"2015-06-04T19:07:55","guid":{"rendered":"http:\/\/urbinavolant.com\/blogsytwitter\/?page_id=298"},"modified":"2015-06-08T11:59:51","modified_gmt":"2015-06-08T09:59:51","slug":"aplicaciones-educativas-de-wordpress-y-twitter","status":"publish","type":"page","link":"https:\/\/urbinavolant.com\/blogsytwitter\/index.php\/aplicaciones-educativas-de-wordpress-y-twitter\/","title":{"rendered":"Aplicaciones educativas de WordPress y Twitter"},"content":{"rendered":"<p>Exponemos aqu\u00ed algunas de las aplicaciones educativas de los blogs y de Twitter<\/p>\n<ul>\n<li style=\"text-align: justify;\"><a href=\"http:\/\/urbinavolant.com\/blogsytwitter\/wp-content\/uploads\/2015\/06\/Los-blogs-como-herramientas-de-trabajo-colaborativo-y-de-construcci\u00f3n-del-conocimiento1.pdf\">Los blogs como herramientas de trabajo colaborativo y de construcci\u00f3n del conocimiento<\/a>.<\/li>\n<li style=\"text-align: justify;\"><a href=\"http:\/\/urbinavolant.com\/blogsytwitter\/wp-content\/uploads\/2015\/06\/Pr\u00e1ctica-para-la-creaci\u00f3n-de-un-blog-de-clase.pdf\">Pr\u00e1ctica para la creaci\u00f3n de un blog de clase<\/a>.<\/li>\n<li style=\"text-align: justify;\"><a href=\"http:\/\/urbinavolant.com\/blogsytwitter\/wp-content\/uploads\/2015\/06\/Aplicaciones-educativas-de-Twitter.pdf\">Aplicaciones educativas de Twitter<\/a>.<\/li>\n<\/ul>\n<p>&nbsp;<\/p>\n","protected":false},"excerpt":{"rendered":"<p>Exponemos aqu\u00ed algunas de las aplicaciones educativas de los blogs y de Twitter Los blogs como herramientas de trabajo colaborativo y de construcci\u00f3n del conocimiento. Pr\u00e1ctica para la creaci\u00f3n de un blog de clase. Aplicaciones educativas de Twitter. &nbsp;<\/p>\n","protected":false},"author":1,"featured_media":0,"parent":0,"menu_order":0,"comment_status":"open","ping_status":"open","template":"","meta":{"footnotes":""},"class_list":["post-298","page","type-page","status-publish","hentry"],"_links":{"self":[{"href":"https:\/\/urbinavolant.com\/blogsytwitter\/index.php\/wp-json\/wp\/v2\/pages\/298","targetHints":{"allow":["GET"]}}],"collection":[{"href":"https:\/\/urbinavolant.com\/blogsytwitter\/index.php\/wp-json\/wp\/v2\/pages"}],"about":[{"href":"https:\/\/urbinavolant.com\/blogsytwitter\/index.php\/wp-json\/wp\/v2\/types\/page"}],"author":[{"embeddable":true,"href":"https:\/\/urbinavolant.com\/blogsytwitter\/index.php\/wp-json\/wp\/v2\/users\/1"}],"replies":[{"embeddable":true,"href":"https:\/\/urbinavolant.com\/blogsytwitter\/index.php\/wp-json\/wp\/v2\/comments?post=298"}],"version-history":[{"count":2,"href":"https:\/\/urbinavolant.com\/blogsytwitter\/index.php\/wp-json\/wp\/v2\/pages\/298\/revisions"}],"predecessor-version":[{"id":401,"href":"https:\/\/urbinavolant.com\/blogsytwitter\/index.php\/wp-json\/wp\/v2\/pages\/298\/revisions\/401"}],"wp:attachment":[{"href":"https:\/\/urbinavolant.com\/blogsytwitter\/index.php\/wp-json\/wp\/v2\/media?parent=298"}],"curies":[{"name":"wp","href":"https:\/\/api.w.org\/{rel}","templated":true}]}}