{"id":292,"date":"2015-06-04T19:58:17","date_gmt":"2015-06-04T17:58:17","guid":{"rendered":"http:\/\/urbinavolant.com\/blogsytwitter\/?page_id=292"},"modified":"2015-06-07T11:41:40","modified_gmt":"2015-06-07T09:41:40","slug":"sesion-virtual","status":"publish","type":"page","link":"https:\/\/urbinavolant.com\/blogsytwitter\/index.php\/sesion-virtual\/","title":{"rendered":"Sesi\u00f3n virtual"},"content":{"rendered":"<p><a href=\"http:\/\/urbinavolant.com\/blogsytwitter\/wp-content\/uploads\/2015\/06\/3952569043_c2204f7057_z.jpg\"><img loading=\"lazy\" decoding=\"async\" class=\"alignnone size-full wp-image-293\" src=\"http:\/\/urbinavolant.com\/blogsytwitter\/wp-content\/uploads\/2015\/06\/3952569043_c2204f7057_z.jpg\" alt=\"Homework - Maths, by Marco Nedermeijer\" width=\"640\" height=\"427\" srcset=\"https:\/\/urbinavolant.com\/blogsytwitter\/wp-content\/uploads\/2015\/06\/3952569043_c2204f7057_z.jpg 640w, https:\/\/urbinavolant.com\/blogsytwitter\/wp-content\/uploads\/2015\/06\/3952569043_c2204f7057_z-300x200.jpg 300w\" sizes=\"auto, (max-width: 640px) 100vw, 640px\" \/><\/a><\/p>\n<p>El curso se compone de dos sesiones presenciales y cinco horas de formaci\u00f3n virtual. Todas las pr\u00e1cticas tendr\u00e1n que estar finalizadas <strong>antes del 19 de junio a las 14.00<\/strong>.<\/p>\n<p>El trabajo que tienes que hacer durante esas cinco horas es el siguiente:<\/p>\n<ul>\n<li>\n<h3><a href=\"http:\/\/urbinavolant.com\/blogsytwitter\/index.php\/2015\/06\/07\/sesion-virtual-wordpress\/\" target=\"_blank\">Sesi\u00f3n virtual: WordPress<\/a><\/h3>\n<\/li>\n<li>\n<h3><a href=\"http:\/\/urbinavolant.com\/blogsytwitter\/index.php\/2015\/06\/07\/sesion-virtual-twitter\/\" target=\"_blank\">Seci\u00f3n virtual: Twitter<\/a><\/h3>\n<\/li>\n<\/ul>\n<p style=\"text-align: justify;\">Como las sesiones virtuales contienen un listado de los participantes del curso, est\u00e1n protegidas por contrase\u00f1a para preservar la privacidad. La contrase\u00f1a es la misma para todos los materiales de este sitio web.<\/p>\n<p style=\"text-align: justify;\">(Imagen de <a href=\"https:\/\/flic.kr\/p\/72gX58\" target=\"_blank\">Marco Nedermeijer<\/a>)<\/p>\n","protected":false},"excerpt":{"rendered":"<p>El curso se compone de dos sesiones presenciales y cinco horas de formaci\u00f3n virtual. Todas las pr\u00e1cticas tendr\u00e1n que estar finalizadas antes del 19 de junio a las 14.00. El trabajo que tienes que hacer durante esas cinco horas es el siguiente: Sesi\u00f3n virtual: WordPress Seci\u00f3n virtual: Twitter Como las sesiones virtuales contienen un listado &hellip; <a href=\"https:\/\/urbinavolant.com\/blogsytwitter\/index.php\/sesion-virtual\/\" class=\"more-link\">Seguir leyendo <span class=\"screen-reader-text\">Sesi\u00f3n virtual<\/span> <span class=\"meta-nav\">&rarr;<\/span><\/a><\/p>\n","protected":false},"author":1,"featured_media":0,"parent":0,"menu_order":0,"comment_status":"open","ping_status":"open","template":"","meta":{"footnotes":""},"class_list":["post-292","page","type-page","status-publish","hentry"],"_links":{"self":[{"href":"https:\/\/urbinavolant.com\/blogsytwitter\/index.php\/wp-json\/wp\/v2\/pages\/292","targetHints":{"allow":["GET"]}}],"collection":[{"href":"https:\/\/urbinavolant.com\/blogsytwitter\/index.php\/wp-json\/wp\/v2\/pages"}],"about":[{"href":"https:\/\/urbinavolant.com\/blogsytwitter\/index.php\/wp-json\/wp\/v2\/types\/page"}],"author":[{"embeddable":true,"href":"https:\/\/urbinavolant.com\/blogsytwitter\/index.php\/wp-json\/wp\/v2\/users\/1"}],"replies":[{"embeddable":true,"href":"https:\/\/urbinavolant.com\/blogsytwitter\/index.php\/wp-json\/wp\/v2\/comments?post=292"}],"version-history":[{"count":5,"href":"https:\/\/urbinavolant.com\/blogsytwitter\/index.php\/wp-json\/wp\/v2\/pages\/292\/revisions"}],"predecessor-version":[{"id":392,"href":"https:\/\/urbinavolant.com\/blogsytwitter\/index.php\/wp-json\/wp\/v2\/pages\/292\/revisions\/392"}],"wp:attachment":[{"href":"https:\/\/urbinavolant.com\/blogsytwitter\/index.php\/wp-json\/wp\/v2\/media?parent=292"}],"curies":[{"name":"wp","href":"https:\/\/api.w.org\/{rel}","templated":true}]}}