{"id":23,"date":"2015-05-21T11:29:28","date_gmt":"2015-05-21T09:29:28","guid":{"rendered":"http:\/\/urbinavolant.com\/blogsytwitter\/?page_id=23"},"modified":"2015-06-04T19:44:51","modified_gmt":"2015-06-04T17:44:51","slug":"wordpress","status":"publish","type":"page","link":"https:\/\/urbinavolant.com\/blogsytwitter\/index.php\/wordpress\/","title":{"rendered":"WordPress"},"content":{"rendered":"<p style=\"text-align: center;\"><a href=\"http:\/\/urbinavolant.com\/blogsytwitter\/wp-content\/uploads\/2015\/05\/wordpress-stickers.jpg\"><img loading=\"lazy\" decoding=\"async\" class=\"alignnone size-full wp-image-25\" src=\"http:\/\/urbinavolant.com\/blogsytwitter\/wp-content\/uploads\/2015\/05\/wordpress-stickers.jpg\" alt=\"wordpress-stickers\" width=\"1200\" height=\"675\" srcset=\"https:\/\/urbinavolant.com\/blogsytwitter\/wp-content\/uploads\/2015\/05\/wordpress-stickers.jpg 1200w, https:\/\/urbinavolant.com\/blogsytwitter\/wp-content\/uploads\/2015\/05\/wordpress-stickers-300x169.jpg 300w, https:\/\/urbinavolant.com\/blogsytwitter\/wp-content\/uploads\/2015\/05\/wordpress-stickers-1024x576.jpg 1024w\" sizes=\"auto, (max-width: 1200px) 100vw, 1200px\" \/><\/a><\/p>\n<h3>Empezando<\/h3>\n<ul>\n<li><a href=\"http:\/\/urbinavolant.com\/blogsytwitter\/index.php\/2015\/05\/25\/blogger-o-wordpress\/\" target=\"_blank\">\u00bfBlogger o WordPress?<\/a><\/li>\n<li><a href=\"http:\/\/urbinavolant.com\/blogsytwitter\/index.php\/2015\/05\/24\/como-crear-un-blog-o-pagina-web-en-wordpress-com\/\" target=\"_blank\">C\u00f3mo crear un blog o una p\u00e1gina web con WordPress<\/a>.<\/li>\n<li><a href=\"http:\/\/urbinavolant.com\/blogsytwitter\/index.php\/2015\/05\/25\/el-panel-de-administracion-de-wordpress\/\" target=\"_blank\">El panel de administraci\u00f3n de WordPress (WP admin)<\/a>.<\/li>\n<li><a href=\"http:\/\/urbinavolant.com\/blogsytwitter\/index.php\/2015\/05\/26\/los-temas-en-wordpress\/\" target=\"_blank\">Elegir o cambiar un tema (plantilla de dise\u00f1o)<\/a>.<\/li>\n<li><a href=\"http:\/\/urbinavolant.com\/blogsytwitter\/index.php\/2015\/05\/25\/que-diferencia-hay-entre-utilizar-wordpress-en-dominio-propio-o-en-wordpress-com\/\" target=\"_blank\">\u00bfQu\u00e9 diferencia hay entre utilizar WordPress de forma gratuita o en un dominio\u00a0propio?<\/a><\/li>\n<\/ul>\n<h3>Los elementos b\u00e1sicos de un blog y de un sitio web<\/h3>\n<ul>\n<li><a href=\"http:\/\/urbinavolant.com\/blogsytwitter\/index.php\/2015\/05\/26\/diferencia-entre-una-entrada-post-y-una-pagina-en-wordpress\/\" target=\"_blank\">\u00bfQu\u00e9 diferencia hay entre una entrada (<em>post<\/em>) y una p\u00e1gina?<\/a><\/li>\n<li><a href=\"http:\/\/urbinavolant.com\/blogsytwitter\/index.php\/2015\/05\/26\/como-elegir-entre-el-formato-de-sitio-web-o-el-formato-de-blog\/\" target=\"_blank\">Elegir entre el formato blog o el formato de sitio web<\/a>.<\/li>\n<li>Creaci\u00f3n y edici\u00f3n de entradas, categor\u00edas y etiquetas.\n<ul>\n<li><a href=\"http:\/\/urbinavolant.com\/blogsytwitter\/index.php\/2015\/05\/31\/entradas\/\" target=\"_blank\">Visi\u00f3n general sobre el men\u00fa para entradas, categor\u00edas y etiquetas<\/a>.<\/li>\n<li><a href=\"http:\/\/urbinavolant.com\/blogsytwitter\/index.php\/2015\/05\/31\/anadir-una-nueva-entrada\/\" target=\"_blank\">Escribir una entrada<\/a>.<\/li>\n<li><a href=\"http:\/\/urbinavolant.com\/blogsytwitter\/index.php\/2015\/06\/01\/gestion-y-administracion-de-categorias-y-etiquetas-en-wordpress\/\">Establecer y gestionar categor\u00edas y etiquetas<\/a>.<\/li>\n<li><a href=\"http:\/\/urbinavolant.com\/blogsytwitter\/index.php\/2015\/06\/03\/los-comentarios\/\" target=\"_blank\">Los comentarios<\/a>.<\/li>\n<\/ul>\n<\/li>\n<li><a href=\"http:\/\/urbinavolant.com\/blogsytwitter\/index.php\/2015\/06\/02\/anadir-una-pagina\/\" target=\"_blank\">Creaci\u00f3n y edici\u00f3n de p\u00e1ginas<\/a>.<\/li>\n<li><a href=\"http:\/\/urbinavolant.com\/blogsytwitter\/index.php\/2015\/06\/02\/los-menus\/\" target=\"_blank\">El\u00a0men\u00fa<\/a>.<\/li>\n<li><a href=\"http:\/\/urbinavolant.com\/blogsytwitter\/index.php\/2015\/06\/02\/los-widgets\/\" target=\"_blank\">Los widgets<\/a>.<\/li>\n<li><a href=\"http:\/\/urbinavolant.com\/blogsytwitter\/index.php\/2015\/06\/04\/incorporacion-de-elementos-multimedia-documentos-imagenes-audio-y-video\/\" target=\"_blank\">Incorporaci\u00f3n de elementos multimedia: documentos, im\u00e1genes, audio y v\u00eddeo<\/a>.<\/li>\n<li><a href=\"http:\/\/urbinavolant.com\/blogsytwitter\/index.php\/2015\/05\/26\/consejos-de-escritura-para-los-blogs\/\" target=\"_blank\">Consejos de escritura para los blogs<\/a>.<\/li>\n<\/ul>\n<h3>Usuarios<\/h3>\n<ul>\n<li><a href=\"http:\/\/urbinavolant.com\/blogsytwitter\/index.php\/2015\/05\/21\/tipos-de-usuarios-en-wordpress\/\" target=\"_blank\">Tipos de usuarios de WordPress<\/a>.<\/li>\n<li><a href=\"http:\/\/urbinavolant.com\/blogsytwitter\/index.php\/2015\/05\/21\/como-se-asignan-los-perfiles-de-usuarios-en-wordpress\/\" target=\"_blank\">C\u00f3mo asignar papeles de usuarios en WordPress<\/a>.<\/li>\n<\/ul>\n","protected":false},"excerpt":{"rendered":"<p>Empezando \u00bfBlogger o WordPress? C\u00f3mo crear un blog o una p\u00e1gina web con WordPress. El panel de administraci\u00f3n de WordPress (WP admin). Elegir o cambiar un tema (plantilla de dise\u00f1o). \u00bfQu\u00e9 diferencia hay entre utilizar WordPress de forma gratuita o en un dominio\u00a0propio? Los elementos b\u00e1sicos de un blog y de un sitio web \u00bfQu\u00e9 &hellip; <a href=\"https:\/\/urbinavolant.com\/blogsytwitter\/index.php\/wordpress\/\" class=\"more-link\">Seguir leyendo <span class=\"screen-reader-text\">WordPress<\/span> <span class=\"meta-nav\">&rarr;<\/span><\/a><\/p>\n","protected":false},"author":1,"featured_media":0,"parent":0,"menu_order":0,"comment_status":"closed","ping_status":"closed","template":"","meta":{"footnotes":""},"class_list":["post-23","page","type-page","status-publish","hentry"],"_links":{"self":[{"href":"https:\/\/urbinavolant.com\/blogsytwitter\/index.php\/wp-json\/wp\/v2\/pages\/23","targetHints":{"allow":["GET"]}}],"collection":[{"href":"https:\/\/urbinavolant.com\/blogsytwitter\/index.php\/wp-json\/wp\/v2\/pages"}],"about":[{"href":"https:\/\/urbinavolant.com\/blogsytwitter\/index.php\/wp-json\/wp\/v2\/types\/page"}],"author":[{"embeddable":true,"href":"https:\/\/urbinavolant.com\/blogsytwitter\/index.php\/wp-json\/wp\/v2\/users\/1"}],"replies":[{"embeddable":true,"href":"https:\/\/urbinavolant.com\/blogsytwitter\/index.php\/wp-json\/wp\/v2\/comments?post=23"}],"version-history":[{"count":26,"href":"https:\/\/urbinavolant.com\/blogsytwitter\/index.php\/wp-json\/wp\/v2\/pages\/23\/revisions"}],"predecessor-version":[{"id":291,"href":"https:\/\/urbinavolant.com\/blogsytwitter\/index.php\/wp-json\/wp\/v2\/pages\/23\/revisions\/291"}],"wp:attachment":[{"href":"https:\/\/urbinavolant.com\/blogsytwitter\/index.php\/wp-json\/wp\/v2\/media?parent=23"}],"curies":[{"name":"wp","href":"https:\/\/api.w.org\/{rel}","templated":true}]}}