{"id":110,"date":"2015-05-26T07:55:18","date_gmt":"2015-05-26T05:55:18","guid":{"rendered":"http:\/\/urbinavolant.com\/blogsytwitter\/?page_id=110"},"modified":"2016-05-07T11:28:27","modified_gmt":"2016-05-07T09:28:27","slug":"programa-del-curso","status":"publish","type":"page","link":"https:\/\/urbinavolant.com\/blogsytwitter\/index.php\/programa-del-curso\/","title":{"rendered":"Programa del curso"},"content":{"rendered":"<p class=\"align-justify\" style=\"text-align: justify;\">Puedes descargar el programa del curso en PDF\u00a0<a href=\"http:\/\/urbinavolant.com\/blogsytwitter\/wp-content\/uploads\/2015\/05\/Programa-Blogs-y-Twitter.pdf\">aqu\u00ed<\/a>.<\/p>\n<h3 class=\"align-justify\" style=\"text-align: justify;\"><strong>Introducci\u00f3n<\/strong><\/h3>\n<p style=\"text-align: justify;\">En este curso aprenderemos a trabajar con herramientas que nos sean de utilidad\u00a0 para <strong>elaborar, compartir y difundir contenidos<\/strong>, as\u00ed como para <strong>dise\u00f1ar nuevas estrategias de trabajo en clase<\/strong> con nuestro alumnado.<\/p>\n<p class=\"align-justify\" style=\"text-align: justify;\">Los blogs y herramientas de <em>microblogging<\/em> como Twitter van a permitir que nuestro trabajo tenga una mayor <strong>visibilidad<\/strong> y, adem\u00e1s, hacen posible <strong>trabajar de modo diferente<\/strong> en las pr\u00e1cticas y las actividades de clase.<\/p>\n<h3 class=\"align-justify\" style=\"text-align: justify;\">\u00a0<strong>Objetivos<\/strong><\/h3>\n<ol style=\"text-align: justify;\">\n<li class=\"align-justify\">Conocer los conceptos b\u00e1sicos del trabajo con los blogs y con Twitter.<\/li>\n<li class=\"align-justify\">Aprender los principios esenciales para crear y mantener un blog con WordPress.<\/li>\n<li class=\"align-justify\">Aprender los conceptos esenciales de Twitter.<\/li>\n<li class=\"align-justify\">Aprovechar las posibilidades que tienen los blogs y Twitter en el \u00e1mbito educativo.<\/li>\n<\/ol>\n<h3 class=\"align-justify\" style=\"text-align: justify;\"><strong>Contenidos<\/strong><\/h3>\n<ol style=\"text-align: justify;\">\n<li class=\"align-justify\">Conceptos esenciales. Sitio web, p\u00e1gina web, blog y microblogging.<\/li>\n<li class=\"align-justify\">C\u00f3mo se crea un blog con WordPress.<\/li>\n<li class=\"align-justify\">Los elementos b\u00e1sicos: entradas, p\u00e1ginas, categor\u00edas, etiquetas y comentarios.<\/li>\n<li class=\"align-justify\">El trabajo con el texto y las im\u00e1genes.<\/li>\n<li class=\"align-justify\">La incorporaci\u00f3n de contenido multimedia: audio y v\u00eddeo.<\/li>\n<li class=\"align-justify\">Consejos de escritura para los blogs.<\/li>\n<li class=\"align-justify\">C\u00f3mo se crea una cuenta en Twitter.<\/li>\n<li class=\"align-justify\">Caracter\u00edsticas y elementos fundamentales de Twitter.<\/li>\n<li class=\"align-justify\">La conexi\u00f3n entre los blogs, el microblogging y las redes sociales.<\/li>\n<li class=\"align-justify\">La aplicaci\u00f3n de los blogs y de Twitter para nuestro trabajo acad\u00e9mico.<\/li>\n<li class=\"align-justify\">La aplicaci\u00f3n de los blogs y de Twitter en el trabajo con el alumnado.<\/li>\n<\/ol>\n<h3 class=\"align-justify\" style=\"text-align: justify;\">\u00a0<strong>Metodolog\u00eda<\/strong><\/h3>\n<p class=\"align-justify\" style=\"text-align: justify;\">En este curso utilizaremos una <strong>metodolog\u00eda activa<\/strong>. Se partir\u00e1 de un planteamiento te\u00f3rico claro y conciso para dar luego el mayor protagonismo a las actividades pr\u00e1cticas y a la puesta en marcha de actividades y proyectos.<\/p>\n<h3 class=\"align-justify\" style=\"text-align: justify;\">\u00a0<strong>Formadores<\/strong><\/h3>\n<ul style=\"text-align: justify;\">\n<li>Vanesa Delgado Benito,<\/li>\n<li>Ra\u00fal Urbina Fonturbel.<\/li>\n<\/ul>\n<h3 class=\"align-justify\" style=\"text-align: justify;\"><strong>Destinatarios<\/strong><\/h3>\n<p class=\"align-justify\" style=\"text-align: justify;\">PDI implicado en las titulaciones virtuales de la UBU, y resto del PDI si hubiese plazas disponibles.<\/p>\n<h3 class=\"align-justify\" style=\"text-align: justify;\"><strong>Desarrollo, duraci\u00f3n,\u00a0fechas y lugar de realizaci\u00f3n<\/strong><\/h3>\n<p class=\"align-justify\" style=\"text-align: justify;\">El curso consta de 10 horas presenciales, dividas en 2 sesiones de trabajo de 5 horas cada una y 5 horas de trabajo aut\u00f3nomo para el dise\u00f1o de un proyecto y de diferentes actividades.<\/p>\n<p class=\"align-justify\" style=\"text-align: justify;\">Tendr\u00e1 lugar en el aula de Formaci\u00f3n de la Biblioteca Central:<\/p>\n<ul style=\"text-align: justify;\">\n<li class=\"align-justify\">11 de mayo\u00a0(mi\u00e9rcoles), de 9:00 a 14:00.<\/li>\n<li class=\"align-justify\">13\u00a0de mayo\u00a0(viernes), de 9:00 a 14:00.<\/li>\n<\/ul>\n<p class=\"align-justify\" style=\"text-align: justify;\">\n","protected":false},"excerpt":{"rendered":"<p>Puedes descargar el programa del curso en PDF\u00a0aqu\u00ed. Introducci\u00f3n En este curso aprenderemos a trabajar con herramientas que nos sean de utilidad\u00a0 para elaborar, compartir y difundir contenidos, as\u00ed como para dise\u00f1ar nuevas estrategias de trabajo en clase con nuestro alumnado. Los blogs y herramientas de microblogging como Twitter van a permitir que nuestro trabajo &hellip; <a href=\"https:\/\/urbinavolant.com\/blogsytwitter\/index.php\/programa-del-curso\/\" class=\"more-link\">Seguir leyendo <span class=\"screen-reader-text\">Programa del curso<\/span> <span class=\"meta-nav\">&rarr;<\/span><\/a><\/p>\n","protected":false},"author":1,"featured_media":0,"parent":0,"menu_order":0,"comment_status":"closed","ping_status":"closed","template":"","meta":{"footnotes":""},"class_list":["post-110","page","type-page","status-publish","hentry"],"_links":{"self":[{"href":"https:\/\/urbinavolant.com\/blogsytwitter\/index.php\/wp-json\/wp\/v2\/pages\/110","targetHints":{"allow":["GET"]}}],"collection":[{"href":"https:\/\/urbinavolant.com\/blogsytwitter\/index.php\/wp-json\/wp\/v2\/pages"}],"about":[{"href":"https:\/\/urbinavolant.com\/blogsytwitter\/index.php\/wp-json\/wp\/v2\/types\/page"}],"author":[{"embeddable":true,"href":"https:\/\/urbinavolant.com\/blogsytwitter\/index.php\/wp-json\/wp\/v2\/users\/1"}],"replies":[{"embeddable":true,"href":"https:\/\/urbinavolant.com\/blogsytwitter\/index.php\/wp-json\/wp\/v2\/comments?post=110"}],"version-history":[{"count":6,"href":"https:\/\/urbinavolant.com\/blogsytwitter\/index.php\/wp-json\/wp\/v2\/pages\/110\/revisions"}],"predecessor-version":[{"id":411,"href":"https:\/\/urbinavolant.com\/blogsytwitter\/index.php\/wp-json\/wp\/v2\/pages\/110\/revisions\/411"}],"wp:attachment":[{"href":"https:\/\/urbinavolant.com\/blogsytwitter\/index.php\/wp-json\/wp\/v2\/media?parent=110"}],"curies":[{"name":"wp","href":"https:\/\/api.w.org\/{rel}","templated":true}]}}