{"id":3603,"date":"2016-02-07T19:15:01","date_gmt":"2016-02-07T18:15:01","guid":{"rendered":"http:\/\/urbinavolant.com\/argumentos\/?page_id=3603"},"modified":"2018-03-08T17:25:56","modified_gmt":"2018-03-08T16:25:56","slug":"guia","status":"publish","type":"page","link":"https:\/\/urbinavolant.com\/argumentos\/guia\/","title":{"rendered":"Gu\u00eda de la argumentaci\u00f3n"},"content":{"rendered":"<p>Siempre podr\u00e1s utilizar esta p\u00e1gina como peque\u00f1a gu\u00eda.<\/p>\n<h3>Argumentaci\u00f3n<\/h3>\n<ol>\n<li>Bibliograf\u00eda general sobre argumentaci\u00f3n.<\/li>\n<li><a href=\"https:\/\/urbinavolant.com\/argumentos\/2018\/02\/21\/introduccion-a-la-argumentacion\/\">Introducci\u00f3n a la argumentaci\u00f3n<\/a>.<\/li>\n<li><a href=\"https:\/\/urbinavolant.com\/argumentos\/2018\/02\/21\/la-diferencia-entre-persuadir-y-convencer\/\">La diferencia entre persuadir y convencer<\/a>.<\/li>\n<li><a href=\"https:\/\/urbinavolant.com\/argumentos\/2018\/03\/01\/relacion-argumentativa\/\">La relaci\u00f3n argumentativa<\/a>.<\/li>\n<li><a href=\"https:\/\/urbinavolant.com\/argumentos\/2018\/03\/01\/argumentacion-e-interaccion\/\">Argumentaci\u00f3n e interacci\u00f3n<\/a>.<\/li>\n<li><a href=\"https:\/\/urbinavolant.com\/argumentos\/2018\/03\/01\/elementos-de-la-argumentacion\/\">Elementos de la argumentaci\u00f3n<\/a>.<\/li>\n<li><a href=\"https:\/\/urbinavolant.com\/argumentos\/2018\/03\/03\/estructuras-argumentativas\/\">Estructuras argumentativas<\/a>.<\/li>\n<li><a href=\"https:\/\/urbinavolant.com\/argumentos\/2018\/03\/07\/orientacion-de-los-argumentos\/\">Orientaci\u00f3n argumentativa<\/a>.<\/li>\n<li><a href=\"https:\/\/urbinavolant.com\/argumentos\/2018\/03\/08\/funciones-argumentativas\/\">Funciones argumentativas<\/a>.<\/li>\n<li><a href=\"https:\/\/urbinavolant.com\/argumentos\/2018\/03\/03\/mecanismos-argumentativos\/\">Mecanismos argumentativos<\/a>.<\/li>\n<li><a href=\"https:\/\/urbinavolant.com\/argumentos\/2018\/03\/04\/persuasion-aspectos-innatos-y-aspectos-sociales\/\">Aspectos innatos y aspectos sociales de la persuasi\u00f3n<\/a>.<\/li>\n<li><a href=\"https:\/\/urbinavolant.com\/argumentos\/2018\/03\/05\/la-argumentacion-como-macroacto-de-habla\/\">La argumentaci\u00f3n como macroacto de habla<\/a>.<\/li>\n<\/ol>\n<h3>Publicidad<\/h3>\n<p>1.<\/p>\n<h3>Argumentaci\u00f3n publicitaria<\/h3>\n<p>1<\/p>\n","protected":false},"excerpt":{"rendered":"<p>Siempre podr\u00e1s utilizar esta p\u00e1gina como peque\u00f1a gu\u00eda. Argumentaci\u00f3n Bibliograf\u00eda general sobre argumentaci\u00f3n. Introducci\u00f3n a la argumentaci\u00f3n. La diferencia entre persuadir y convencer. La relaci\u00f3n argumentativa. Argumentaci\u00f3n e interacci\u00f3n. Elementos de la argumentaci\u00f3n. Estructuras argumentativas. Orientaci\u00f3n argumentativa. Funciones argumentativas. Mecanismos argumentativos. Aspectos innatos y aspectos sociales de la persuasi\u00f3n. La argumentaci\u00f3n como macroacto de habla. &hellip; <a href=\"https:\/\/urbinavolant.com\/argumentos\/guia\/\" class=\"more-link\">Continuar leyendo<span class=\"screen-reader-text\"> \u00abGu\u00eda de la argumentaci\u00f3n\u00bb<\/span><\/a><\/p>\n","protected":false},"author":1,"featured_media":0,"parent":0,"menu_order":0,"comment_status":"closed","ping_status":"closed","template":"","meta":[],"_links":{"self":[{"href":"https:\/\/urbinavolant.com\/argumentos\/wp-json\/wp\/v2\/pages\/3603"}],"collection":[{"href":"https:\/\/urbinavolant.com\/argumentos\/wp-json\/wp\/v2\/pages"}],"about":[{"href":"https:\/\/urbinavolant.com\/argumentos\/wp-json\/wp\/v2\/types\/page"}],"author":[{"embeddable":true,"href":"https:\/\/urbinavolant.com\/argumentos\/wp-json\/wp\/v2\/users\/1"}],"replies":[{"embeddable":true,"href":"https:\/\/urbinavolant.com\/argumentos\/wp-json\/wp\/v2\/comments?post=3603"}],"version-history":[{"count":84,"href":"https:\/\/urbinavolant.com\/argumentos\/wp-json\/wp\/v2\/pages\/3603\/revisions"}],"predecessor-version":[{"id":4341,"href":"https:\/\/urbinavolant.com\/argumentos\/wp-json\/wp\/v2\/pages\/3603\/revisions\/4341"}],"wp:attachment":[{"href":"https:\/\/urbinavolant.com\/argumentos\/wp-json\/wp\/v2\/media?parent=3603"}],"curies":[{"name":"wp","href":"https:\/\/api.w.org\/{rel}","templated":true}]}}