{"id":3596,"date":"2016-02-07T09:46:27","date_gmt":"2016-02-07T09:46:27","guid":{"rendered":"http:\/\/urbinavolant.com\/argumentos\/?page_id=3596"},"modified":"2018-02-28T13:00:47","modified_gmt":"2018-02-28T12:00:47","slug":"inicio","status":"publish","type":"page","link":"https:\/\/urbinavolant.com\/argumentos\/","title":{"rendered":"Inicio"},"content":{"rendered":"<p style=\"text-align: justify;\">Esta es una p\u00e1gina dedicada al an\u00e1lisis de la argumentaci\u00f3n de\u00a0<a href=\"http:\/\/urbinavolant.com\/raulurbina\/\" target=\"_blank\" rel=\"noopener\">Ra\u00fal Urbina Fonturbel<\/a>.<\/p>\n<p>Ten en cuenta que el material est\u00e1 sujeto a una licencia <a href=\"http:\/\/creativecommons.org\/licenses\/by-nc-sa\/4.0\/\">Creative Commons 4.0<\/a>.<\/p>\n<p style=\"text-align: justify;\">Es probable que, para acceder a algunos contenidos de esta web, necesites estar registrado. Puede registrarse cualquier persona de forma f\u00e1cil y, por supuesto, gratuita.<\/p>\n","protected":false},"excerpt":{"rendered":"<p>Esta es una p\u00e1gina dedicada al an\u00e1lisis de la argumentaci\u00f3n de\u00a0Ra\u00fal Urbina Fonturbel. Ten en cuenta que el material est\u00e1 sujeto a una licencia Creative Commons 4.0. Es probable que, para acceder a algunos contenidos de esta web, necesites estar registrado. Puede registrarse cualquier persona de forma f\u00e1cil y, por supuesto, gratuita.<\/p>\n","protected":false},"author":1,"featured_media":0,"parent":0,"menu_order":0,"comment_status":"closed","ping_status":"closed","template":"","meta":[],"_links":{"self":[{"href":"https:\/\/urbinavolant.com\/argumentos\/wp-json\/wp\/v2\/pages\/3596"}],"collection":[{"href":"https:\/\/urbinavolant.com\/argumentos\/wp-json\/wp\/v2\/pages"}],"about":[{"href":"https:\/\/urbinavolant.com\/argumentos\/wp-json\/wp\/v2\/types\/page"}],"author":[{"embeddable":true,"href":"https:\/\/urbinavolant.com\/argumentos\/wp-json\/wp\/v2\/users\/1"}],"replies":[{"embeddable":true,"href":"https:\/\/urbinavolant.com\/argumentos\/wp-json\/wp\/v2\/comments?post=3596"}],"version-history":[{"count":12,"href":"https:\/\/urbinavolant.com\/argumentos\/wp-json\/wp\/v2\/pages\/3596\/revisions"}],"predecessor-version":[{"id":4279,"href":"https:\/\/urbinavolant.com\/argumentos\/wp-json\/wp\/v2\/pages\/3596\/revisions\/4279"}],"wp:attachment":[{"href":"https:\/\/urbinavolant.com\/argumentos\/wp-json\/wp\/v2\/media?parent=3596"}],"curies":[{"name":"wp","href":"https:\/\/api.w.org\/{rel}","templated":true}]}}